{"id":3708,"date":"2023-11-07T16:39:19","date_gmt":"2023-11-07T21:39:19","guid":{"rendered":"https:\/\/fibtex.co\/pe\/?post_type=product&#038;p=3708"},"modified":"2023-11-07T16:49:31","modified_gmt":"2023-11-07T21:49:31","slug":"grainpro-hermetic-pouch","status":"publish","type":"product","link":"https:\/\/fibtex.co\/pe\/tienda\/grainpro-hermetic-pouch\/","title":{"rendered":"La GrainPro\u00ae Hermetic Pouch"},"content":{"rendered":"<p>La GrainPro\u00ae Hermetic Pouch\u2122 es una bolsa resellable para muestras de productos b\u00e1sicos con una capacidad de hasta 2500 gramos. Est\u00e1 hecha de un material herm\u00e9tico con una cremallera herm\u00e9tica de una sola v\u00eda para mantener la frescura de la mercanc\u00eda. Esta soluci\u00f3n herm\u00e9tica de almacenamiento y transporte est\u00e1 fabricada en polietileno de alta resistencia con una capa de barrera patentada que protege el caf\u00e9 y otros productos b\u00e1sicos de la entrada de aire y humedad. Conserva la frescura de las muestras almacenadas y protege contra la infestaci\u00f3n de insectos.<\/p>\n<p><img fetchpriority=\"high\" decoding=\"async\" class=\"alignnone wp-image-3882 size-full\" src=\"https:\/\/fibtex.co\/wp-content\/uploads\/2023\/11\/referenciashermetic-puch.png\" alt=\"\" width=\"698\" height=\"234\" \/><\/p>\n","protected":false},"excerpt":{"rendered":"<p>La SuperGrainbag\u00ae Premium RZ es la soluci\u00f3n Ultraherm\u00e9tica para el almacenamiento seguro de productos agr\u00edcolas secos. Hechas de polietileno (PE) de alta resistencia y con excelentes propiedades de barrera contra la humedad y los gases, preservan de forma segura los productos agr\u00edcolas.<\/p>\n","protected":false},"featured_media":3709,"comment_status":"open","ping_status":"closed","template":"","meta":[],"product_cat":[25,44,43],"product_tag":[],"yoast_head":"<!-- This site is optimized with the Yoast SEO plugin v22.6 - https:\/\/yoast.com\/wordpress\/plugins\/seo\/ -->\n<title>La GrainPro\u00ae Hermetic Pouch - Fibtex Per&uacute;<\/title>\n<meta name=\"robots\" content=\"index, follow, max-snippet:-1, max-image-preview:large, max-video-preview:-1\" \/>\n<link rel=\"canonical\" href=\"https:\/\/fibtex.co\/pe\/tienda\/grainpro-hermetic-pouch\/\" \/>\n<meta property=\"og:locale\" content=\"es_ES\" \/>\n<meta property=\"og:type\" content=\"article\" \/>\n<meta property=\"og:title\" content=\"La GrainPro\u00ae Hermetic Pouch - Fibtex Per&uacute;\" \/>\n<meta property=\"og:description\" content=\"La SuperGrainbag\u00ae Premium RZ es la soluci\u00f3n Ultraherm\u00e9tica para el almacenamiento seguro de productos agr\u00edcolas secos. Hechas de polietileno (PE) de alta resistencia y con excelentes propiedades de barrera contra la humedad y los gases, preservan de forma segura los productos agr\u00edcolas.\" \/>\n<meta property=\"og:url\" content=\"https:\/\/fibtex.co\/pe\/tienda\/grainpro-hermetic-pouch\/\" \/>\n<meta property=\"og:site_name\" content=\"Fibtex Per&uacute;\" \/>\n<meta property=\"article:publisher\" content=\"https:\/\/www.facebook.com\/fibtexempaques\" \/>\n<meta property=\"article:modified_time\" content=\"2023-11-07T21:49:31+00:00\" \/>\n<meta property=\"og:image\" content=\"https:\/\/fibtex.co\/pe\/wp-content\/uploads\/2023\/11\/002gphp-e1699393218452.png\" \/>\n\t<meta property=\"og:image:width\" content=\"1920\" \/>\n\t<meta property=\"og:image:height\" content=\"1080\" \/>\n\t<meta property=\"og:image:type\" content=\"image\/png\" \/>\n<meta name=\"twitter:card\" content=\"summary_large_image\" \/>\n<meta name=\"twitter:site\" content=\"@Fibtexempaques\" \/>\n<meta name=\"twitter:label1\" content=\"Est. reading time\" \/>\n\t<meta name=\"twitter:data1\" content=\"1 minuto\" \/>\n<script type=\"application\/ld+json\" class=\"yoast-schema-graph\">{\"@context\":\"https:\/\/schema.org\",\"@graph\":[{\"@type\":\"WebPage\",\"@id\":\"https:\/\/fibtex.co\/pe\/tienda\/grainpro-hermetic-pouch\/\",\"url\":\"https:\/\/fibtex.co\/pe\/tienda\/grainpro-hermetic-pouch\/\",\"name\":\"La GrainPro\u00ae Hermetic Pouch - Fibtex Per&uacute;\",\"isPartOf\":{\"@id\":\"https:\/\/fibtex.co\/pe\/#website\"},\"primaryImageOfPage\":{\"@id\":\"https:\/\/fibtex.co\/pe\/tienda\/grainpro-hermetic-pouch\/#primaryimage\"},\"image\":{\"@id\":\"https:\/\/fibtex.co\/pe\/tienda\/grainpro-hermetic-pouch\/#primaryimage\"},\"thumbnailUrl\":\"https:\/\/fibtex.co\/pe\/wp-content\/uploads\/2023\/11\/002gphp-e1699393218452.png\",\"datePublished\":\"2023-11-07T21:39:19+00:00\",\"dateModified\":\"2023-11-07T21:49:31+00:00\",\"breadcrumb\":{\"@id\":\"https:\/\/fibtex.co\/pe\/tienda\/grainpro-hermetic-pouch\/#breadcrumb\"},\"inLanguage\":\"es\",\"potentialAction\":[{\"@type\":\"ReadAction\",\"target\":[\"https:\/\/fibtex.co\/pe\/tienda\/grainpro-hermetic-pouch\/\"]}]},{\"@type\":\"ImageObject\",\"inLanguage\":\"es\",\"@id\":\"https:\/\/fibtex.co\/pe\/tienda\/grainpro-hermetic-pouch\/#primaryimage\",\"url\":\"https:\/\/fibtex.co\/pe\/wp-content\/uploads\/2023\/11\/002gphp-e1699393218452.png\",\"contentUrl\":\"https:\/\/fibtex.co\/pe\/wp-content\/uploads\/2023\/11\/002gphp-e1699393218452.png\",\"width\":1920,\"height\":1080},{\"@type\":\"BreadcrumbList\",\"@id\":\"https:\/\/fibtex.co\/pe\/tienda\/grainpro-hermetic-pouch\/#breadcrumb\",\"itemListElement\":[{\"@type\":\"ListItem\",\"position\":1,\"name\":\"Inicio\",\"item\":\"https:\/\/fibtex.co\/pe\/\"},{\"@type\":\"ListItem\",\"position\":2,\"name\":\"Tienda\",\"item\":\"https:\/\/fibtex.co\/pe\/tienda\/\"},{\"@type\":\"ListItem\",\"position\":3,\"name\":\"La GrainPro\u00ae Hermetic Pouch\"}]},{\"@type\":\"WebSite\",\"@id\":\"https:\/\/fibtex.co\/pe\/#website\",\"url\":\"https:\/\/fibtex.co\/pe\/\",\"name\":\"Fibtex Per\u00fa\",\"description\":\"Distribuidores Oficiales de GrainPro en Per&uacute;\",\"publisher\":{\"@id\":\"https:\/\/fibtex.co\/pe\/#organization\"},\"alternateName\":\"Fibtex\",\"potentialAction\":[{\"@type\":\"SearchAction\",\"target\":{\"@type\":\"EntryPoint\",\"urlTemplate\":\"https:\/\/fibtex.co\/pe\/?s={search_term_string}\"},\"query-input\":\"required name=search_term_string\"}],\"inLanguage\":\"es\"},{\"@type\":\"Organization\",\"@id\":\"https:\/\/fibtex.co\/pe\/#organization\",\"name\":\"Fibtex Per\u00fa\",\"alternateName\":\"Fibtex\",\"url\":\"https:\/\/fibtex.co\/pe\/\",\"logo\":{\"@type\":\"ImageObject\",\"inLanguage\":\"es\",\"@id\":\"https:\/\/fibtex.co\/pe\/#\/schema\/logo\/image\/\",\"url\":\"https:\/\/fibtex.co\/pe\/wp-content\/uploads\/2022\/11\/logos-04.png\",\"contentUrl\":\"https:\/\/fibtex.co\/pe\/wp-content\/uploads\/2022\/11\/logos-04.png\",\"width\":1459,\"height\":417,\"caption\":\"Fibtex Per\u00fa\"},\"image\":{\"@id\":\"https:\/\/fibtex.co\/pe\/#\/schema\/logo\/image\/\"},\"sameAs\":[\"https:\/\/www.facebook.com\/fibtexempaques\",\"https:\/\/x.com\/Fibtexempaques\",\"https:\/\/www.instagram.com\/fibtexempaques\/\",\"https:\/\/www.youtube.com\/c\/Fibtexempaques\",\"https:\/\/www.linkedin.com\/company\/fibtex\/\",\"https:\/\/www.tiktok.com\/@fibtexoficial?lang=es\"]}]}<\/script>\n<!-- \/ Yoast SEO plugin. -->","yoast_head_json":{"title":"La GrainPro\u00ae Hermetic Pouch - Fibtex Per&uacute;","robots":{"index":"index","follow":"follow","max-snippet":"max-snippet:-1","max-image-preview":"max-image-preview:large","max-video-preview":"max-video-preview:-1"},"canonical":"https:\/\/fibtex.co\/pe\/tienda\/grainpro-hermetic-pouch\/","og_locale":"es_ES","og_type":"article","og_title":"La GrainPro\u00ae Hermetic Pouch - Fibtex Per&uacute;","og_description":"La SuperGrainbag\u00ae Premium RZ es la soluci\u00f3n Ultraherm\u00e9tica para el almacenamiento seguro de productos agr\u00edcolas secos. Hechas de polietileno (PE) de alta resistencia y con excelentes propiedades de barrera contra la humedad y los gases, preservan de forma segura los productos agr\u00edcolas.","og_url":"https:\/\/fibtex.co\/pe\/tienda\/grainpro-hermetic-pouch\/","og_site_name":"Fibtex Per&uacute;","article_publisher":"https:\/\/www.facebook.com\/fibtexempaques","article_modified_time":"2023-11-07T21:49:31+00:00","og_image":[{"width":1920,"height":1080,"url":"https:\/\/fibtex.co\/pe\/wp-content\/uploads\/2023\/11\/002gphp-e1699393218452.png","type":"image\/png"}],"twitter_card":"summary_large_image","twitter_site":"@Fibtexempaques","twitter_misc":{"Est. reading time":"1 minuto"},"schema":{"@context":"https:\/\/schema.org","@graph":[{"@type":"WebPage","@id":"https:\/\/fibtex.co\/pe\/tienda\/grainpro-hermetic-pouch\/","url":"https:\/\/fibtex.co\/pe\/tienda\/grainpro-hermetic-pouch\/","name":"La GrainPro\u00ae Hermetic Pouch - Fibtex Per&uacute;","isPartOf":{"@id":"https:\/\/fibtex.co\/pe\/#website"},"primaryImageOfPage":{"@id":"https:\/\/fibtex.co\/pe\/tienda\/grainpro-hermetic-pouch\/#primaryimage"},"image":{"@id":"https:\/\/fibtex.co\/pe\/tienda\/grainpro-hermetic-pouch\/#primaryimage"},"thumbnailUrl":"https:\/\/fibtex.co\/pe\/wp-content\/uploads\/2023\/11\/002gphp-e1699393218452.png","datePublished":"2023-11-07T21:39:19+00:00","dateModified":"2023-11-07T21:49:31+00:00","breadcrumb":{"@id":"https:\/\/fibtex.co\/pe\/tienda\/grainpro-hermetic-pouch\/#breadcrumb"},"inLanguage":"es","potentialAction":[{"@type":"ReadAction","target":["https:\/\/fibtex.co\/pe\/tienda\/grainpro-hermetic-pouch\/"]}]},{"@type":"ImageObject","inLanguage":"es","@id":"https:\/\/fibtex.co\/pe\/tienda\/grainpro-hermetic-pouch\/#primaryimage","url":"https:\/\/fibtex.co\/pe\/wp-content\/uploads\/2023\/11\/002gphp-e1699393218452.png","contentUrl":"https:\/\/fibtex.co\/pe\/wp-content\/uploads\/2023\/11\/002gphp-e1699393218452.png","width":1920,"height":1080},{"@type":"BreadcrumbList","@id":"https:\/\/fibtex.co\/pe\/tienda\/grainpro-hermetic-pouch\/#breadcrumb","itemListElement":[{"@type":"ListItem","position":1,"name":"Inicio","item":"https:\/\/fibtex.co\/pe\/"},{"@type":"ListItem","position":2,"name":"Tienda","item":"https:\/\/fibtex.co\/pe\/tienda\/"},{"@type":"ListItem","position":3,"name":"La GrainPro\u00ae Hermetic Pouch"}]},{"@type":"WebSite","@id":"https:\/\/fibtex.co\/pe\/#website","url":"https:\/\/fibtex.co\/pe\/","name":"Fibtex Per\u00fa","description":"Distribuidores Oficiales de GrainPro en Per&uacute;","publisher":{"@id":"https:\/\/fibtex.co\/pe\/#organization"},"alternateName":"Fibtex","potentialAction":[{"@type":"SearchAction","target":{"@type":"EntryPoint","urlTemplate":"https:\/\/fibtex.co\/pe\/?s={search_term_string}"},"query-input":"required name=search_term_string"}],"inLanguage":"es"},{"@type":"Organization","@id":"https:\/\/fibtex.co\/pe\/#organization","name":"Fibtex Per\u00fa","alternateName":"Fibtex","url":"https:\/\/fibtex.co\/pe\/","logo":{"@type":"ImageObject","inLanguage":"es","@id":"https:\/\/fibtex.co\/pe\/#\/schema\/logo\/image\/","url":"https:\/\/fibtex.co\/pe\/wp-content\/uploads\/2022\/11\/logos-04.png","contentUrl":"https:\/\/fibtex.co\/pe\/wp-content\/uploads\/2022\/11\/logos-04.png","width":1459,"height":417,"caption":"Fibtex Per\u00fa"},"image":{"@id":"https:\/\/fibtex.co\/pe\/#\/schema\/logo\/image\/"},"sameAs":["https:\/\/www.facebook.com\/fibtexempaques","https:\/\/x.com\/Fibtexempaques","https:\/\/www.instagram.com\/fibtexempaques\/","https:\/\/www.youtube.com\/c\/Fibtexempaques","https:\/\/www.linkedin.com\/company\/fibtex\/","https:\/\/www.tiktok.com\/@fibtexoficial?lang=es"]}]}},"_links":{"self":[{"href":"https:\/\/fibtex.co\/pe\/wp-json\/wp\/v2\/product\/3708"}],"collection":[{"href":"https:\/\/fibtex.co\/pe\/wp-json\/wp\/v2\/product"}],"about":[{"href":"https:\/\/fibtex.co\/pe\/wp-json\/wp\/v2\/types\/product"}],"replies":[{"embeddable":true,"href":"https:\/\/fibtex.co\/pe\/wp-json\/wp\/v2\/comments?post=3708"}],"wp:featuredmedia":[{"embeddable":true,"href":"https:\/\/fibtex.co\/pe\/wp-json\/wp\/v2\/media\/3709"}],"wp:attachment":[{"href":"https:\/\/fibtex.co\/pe\/wp-json\/wp\/v2\/media?parent=3708"}],"wp:term":[{"taxonomy":"product_cat","embeddable":true,"href":"https:\/\/fibtex.co\/pe\/wp-json\/wp\/v2\/product_cat?post=3708"},{"taxonomy":"product_tag","embeddable":true,"href":"https:\/\/fibtex.co\/pe\/wp-json\/wp\/v2\/product_tag?post=3708"}],"curies":[{"name":"wp","href":"https:\/\/api.w.org\/{rel}","templated":true}]}}