{"id":276,"date":"2022-11-10T18:02:25","date_gmt":"2022-11-10T23:02:25","guid":{"rendered":"https:\/\/fibtex.co\/pe\/?post_type=product&#038;p=276"},"modified":"2022-11-27T14:24:50","modified_gmt":"2022-11-27T19:24:50","slug":"grainpro-bag-zipper-rz-69-b","status":"publish","type":"product","link":"https:\/\/fibtex.co\/pe\/tienda\/grainpro-bag-zipper-rz-69-b\/","title":{"rendered":"GrainPro\u00ae Bag Zipper RZ-69-B"},"content":{"rendered":"<p><img fetchpriority=\"high\" decoding=\"async\" class=\"aligncenter wp-image-962 size-full\" src=\"https:\/\/www.fibtexcolombia.com\/wp-content\/uploads\/2021\/09\/GrainPro-Bag-Zipper-RZ-69B.png\" alt=\"\" width=\"800\" height=\"400\" \/><\/p>\n<p>SuperGrainbag\u00ae Premium RZ es\u00a0 la bolsa de cremallera GrainPro Ultra-Hermetica\u2122. Es su principal soluci\u00f3n para el almacenamiento seguro de productos agr\u00edcolas secos. Hecho de PE de alta resistencia contiene una barrera patentada impermeable a los gases y la humedad, dise\u00f1ada para preservar de forma segura los productos agr\u00edcolas sin la necesidad de fumigantes qu\u00edmicos.<br \/>\nSuperGrainbag\u00ae Premium RZ debe ser usada como un forro interior para bolsas de yute, fique y bolsas de polipropileno. Viene equipado con una cremallera herm\u00e9tica de dos carriles. Los productos pueden almacenarse durante m\u00e1s de un a\u00f1o sin riesgo de entrada de humedad. Detiene la infestaci\u00f3n de insectos e inhibe el crecimiento de contaminantes f\u00fangicos sin afectar la calidad de los productos. Tambi\u00e9n conserva la tasa de germinaci\u00f3n de las semillas almacenadas.<\/p>\n<p><strong>Ventajas<\/strong><\/p>\n<ul>\n<li>Port\u00e1til, herm\u00e9tico, impermeable y reutilizable<\/li>\n<li>500 veces m\u00e1s herm\u00e9tico que los pl\u00e1sticos normales<\/li>\n<li>Protege contra el crecimiento de moho y la infestaci\u00f3n de insectos<\/li>\n<li>Conserva el sabor, el color y el aromaMantiene la germinaci\u00f3n y el vigor de las semillas almacenadas<\/li>\n<li>Almacenamiento est\u00e1ndar mundialmente famoso para caf\u00e9, cacao y semillas<\/li>\n<li>Conserva la calidad durante un largo per\u00edodo de almacenamiento (aproximadamente 1 a\u00f1o)<\/li>\n<li>Apto para el almacenamiento de productos org\u00e1nicos<\/li>\n<\/ul>\n<table style=\"font-size: 85%;\" border=\"1\" summary=\"Tabla de especificaciones t\u00e9cnicas\" width=\"100%\" cellspacing=\"0\" cellpadding=\"0\">\n<caption>SuperGrainbag\u00ae Premium RZ<\/caption>\n<tbody>\n<tr>\n<th style=\"color: #000000;\" scope=\"col\" bgcolor=\"#f5a800\">Par\u00e1metros<\/th>\n<th style=\"color: #000000;\" scope=\"col\" bgcolor=\"#f5a800\">Especificaci\u00f3n<\/th>\n<\/tr>\n<tr style=\"color: #221f1f;\">\n<td><strong>Material<\/strong><\/td>\n<td>PE de alta resistencia con barrera<\/td>\n<\/tr>\n<tr style=\"color: #221f1f;\">\n<td><strong>Grosor, micrones<\/strong><\/td>\n<td>78 \u00b1 10%<\/td>\n<\/tr>\n<tr style=\"color: #221f1f;\">\n<td><strong>Color<\/strong><\/td>\n<td>Verde<\/td>\n<\/tr>\n<tr style=\"color: #221f1f;\">\n<td><strong>Material peso, g\/m2<\/strong><\/td>\n<td>\u00a073 \u00b1 10%<\/td>\n<\/tr>\n<tr style=\"color: #221f1f;\">\n<td><strong>Velocidad de transmisi\u00f3n de ox\u00edgeno (OTR)\u00a0<\/strong><\/td>\n<td>\u2264 4 cm3\/m2\/d\u00eda 0.1 MPa<\/td>\n<\/tr>\n<tr style=\"color: #221f1f;\">\n<td><strong>Velocidad de transmisi\u00f3n de vapor de agua (WVTR)\u00a0<\/strong><\/td>\n<td>\u2264 5 g\/m2\/d\u00eda<\/td>\n<\/tr>\n<tr style=\"color: #221f1f;\">\n<td><strong>Vida \u00fatil del producto, a\u00f1os<\/strong><\/td>\n<td>2<\/td>\n<\/tr>\n<tr style=\"color: #221f1f;\">\n<td><strong>Sistema de Cierre<\/strong><\/td>\n<td>2 Track PE Zipper<\/td>\n<\/tr>\n<tr style=\"color: #221f1f;\">\n<td><strong>Dimensiones<\/strong><\/td>\n<td>72 x 110 cm. \/ 28 x 43 pulg.<\/td>\n<\/tr>\n<\/tbody>\n<\/table>\n<p style=\"text-align: right;\">\n","protected":false},"excerpt":{"rendered":"<p>La SuperGrainbag\u00ae Premium RZ es la soluci\u00f3n Ultraherm\u00e9tica para el almacenamiento seguro de productos agr\u00edcolas secos. Hechas de polietileno (PE) de alta resistencia y con excelentes propiedades de barrera contra la humedad y los gases, preservan de forma segura los productos agr\u00edcolas.<\/p>\n","protected":false},"featured_media":833,"comment_status":"open","ping_status":"closed","template":"","meta":[],"product_cat":[25,44,43],"product_tag":[],"yoast_head":"<!-- This site is optimized with the Yoast SEO plugin v22.6 - https:\/\/yoast.com\/wordpress\/plugins\/seo\/ -->\n<title>GrainPro\u00ae Bag Zipper RZ-69-B - Fibtex Per&uacute;<\/title>\n<meta name=\"robots\" content=\"index, follow, max-snippet:-1, max-image-preview:large, max-video-preview:-1\" \/>\n<link rel=\"canonical\" href=\"https:\/\/fibtex.co\/pe\/tienda\/grainpro-bag-zipper-rz-69-b\/\" \/>\n<meta property=\"og:locale\" content=\"es_ES\" \/>\n<meta property=\"og:type\" content=\"article\" \/>\n<meta property=\"og:title\" content=\"GrainPro\u00ae Bag Zipper RZ-69-B - Fibtex Per&uacute;\" \/>\n<meta property=\"og:description\" content=\"La SuperGrainbag\u00ae Premium RZ es la soluci\u00f3n Ultraherm\u00e9tica para el almacenamiento seguro de productos agr\u00edcolas secos. Hechas de polietileno (PE) de alta resistencia y con excelentes propiedades de barrera contra la humedad y los gases, preservan de forma segura los productos agr\u00edcolas.\" \/>\n<meta property=\"og:url\" content=\"https:\/\/fibtex.co\/pe\/tienda\/grainpro-bag-zipper-rz-69-b\/\" \/>\n<meta property=\"og:site_name\" content=\"Fibtex Per&uacute;\" \/>\n<meta property=\"article:publisher\" content=\"https:\/\/www.facebook.com\/fibtexempaques\" \/>\n<meta property=\"article:modified_time\" content=\"2022-11-27T19:24:50+00:00\" \/>\n<meta property=\"og:image\" content=\"https:\/\/fibtex.co\/pe\/wp-content\/uploads\/2022\/11\/GrainPro-Bag-Zipper-72x110-1.png\" \/>\n\t<meta property=\"og:image:width\" content=\"1024\" \/>\n\t<meta property=\"og:image:height\" content=\"1024\" \/>\n\t<meta property=\"og:image:type\" content=\"image\/png\" \/>\n<meta name=\"twitter:card\" content=\"summary_large_image\" \/>\n<meta name=\"twitter:site\" content=\"@Fibtexempaques\" \/>\n<meta name=\"twitter:label1\" content=\"Est. reading time\" \/>\n\t<meta name=\"twitter:data1\" content=\"1 minuto\" \/>\n<script type=\"application\/ld+json\" class=\"yoast-schema-graph\">{\"@context\":\"https:\/\/schema.org\",\"@graph\":[{\"@type\":\"WebPage\",\"@id\":\"https:\/\/fibtex.co\/pe\/tienda\/grainpro-bag-zipper-rz-69-b\/\",\"url\":\"https:\/\/fibtex.co\/pe\/tienda\/grainpro-bag-zipper-rz-69-b\/\",\"name\":\"GrainPro\u00ae Bag Zipper RZ-69-B - Fibtex Per&uacute;\",\"isPartOf\":{\"@id\":\"https:\/\/fibtex.co\/pe\/#website\"},\"primaryImageOfPage\":{\"@id\":\"https:\/\/fibtex.co\/pe\/tienda\/grainpro-bag-zipper-rz-69-b\/#primaryimage\"},\"image\":{\"@id\":\"https:\/\/fibtex.co\/pe\/tienda\/grainpro-bag-zipper-rz-69-b\/#primaryimage\"},\"thumbnailUrl\":\"https:\/\/fibtex.co\/pe\/wp-content\/uploads\/2022\/11\/GrainPro-Bag-Zipper-72x110-1.png\",\"datePublished\":\"2022-11-10T23:02:25+00:00\",\"dateModified\":\"2022-11-27T19:24:50+00:00\",\"breadcrumb\":{\"@id\":\"https:\/\/fibtex.co\/pe\/tienda\/grainpro-bag-zipper-rz-69-b\/#breadcrumb\"},\"inLanguage\":\"es\",\"potentialAction\":[{\"@type\":\"ReadAction\",\"target\":[\"https:\/\/fibtex.co\/pe\/tienda\/grainpro-bag-zipper-rz-69-b\/\"]}]},{\"@type\":\"ImageObject\",\"inLanguage\":\"es\",\"@id\":\"https:\/\/fibtex.co\/pe\/tienda\/grainpro-bag-zipper-rz-69-b\/#primaryimage\",\"url\":\"https:\/\/fibtex.co\/pe\/wp-content\/uploads\/2022\/11\/GrainPro-Bag-Zipper-72x110-1.png\",\"contentUrl\":\"https:\/\/fibtex.co\/pe\/wp-content\/uploads\/2022\/11\/GrainPro-Bag-Zipper-72x110-1.png\",\"width\":1024,\"height\":1024,\"caption\":\"GrainPro\u00ae Bag Zipper RZ-69-B\"},{\"@type\":\"BreadcrumbList\",\"@id\":\"https:\/\/fibtex.co\/pe\/tienda\/grainpro-bag-zipper-rz-69-b\/#breadcrumb\",\"itemListElement\":[{\"@type\":\"ListItem\",\"position\":1,\"name\":\"Inicio\",\"item\":\"https:\/\/fibtex.co\/pe\/\"},{\"@type\":\"ListItem\",\"position\":2,\"name\":\"Tienda\",\"item\":\"https:\/\/fibtex.co\/pe\/tienda\/\"},{\"@type\":\"ListItem\",\"position\":3,\"name\":\"GrainPro\u00ae Bag Zipper RZ-69-B\"}]},{\"@type\":\"WebSite\",\"@id\":\"https:\/\/fibtex.co\/pe\/#website\",\"url\":\"https:\/\/fibtex.co\/pe\/\",\"name\":\"Fibtex Per\u00fa\",\"description\":\"Distribuidores Oficiales de GrainPro en Per&uacute;\",\"publisher\":{\"@id\":\"https:\/\/fibtex.co\/pe\/#organization\"},\"alternateName\":\"Fibtex\",\"potentialAction\":[{\"@type\":\"SearchAction\",\"target\":{\"@type\":\"EntryPoint\",\"urlTemplate\":\"https:\/\/fibtex.co\/pe\/?s={search_term_string}\"},\"query-input\":\"required name=search_term_string\"}],\"inLanguage\":\"es\"},{\"@type\":\"Organization\",\"@id\":\"https:\/\/fibtex.co\/pe\/#organization\",\"name\":\"Fibtex Per\u00fa\",\"alternateName\":\"Fibtex\",\"url\":\"https:\/\/fibtex.co\/pe\/\",\"logo\":{\"@type\":\"ImageObject\",\"inLanguage\":\"es\",\"@id\":\"https:\/\/fibtex.co\/pe\/#\/schema\/logo\/image\/\",\"url\":\"https:\/\/fibtex.co\/pe\/wp-content\/uploads\/2022\/11\/logos-04.png\",\"contentUrl\":\"https:\/\/fibtex.co\/pe\/wp-content\/uploads\/2022\/11\/logos-04.png\",\"width\":1459,\"height\":417,\"caption\":\"Fibtex Per\u00fa\"},\"image\":{\"@id\":\"https:\/\/fibtex.co\/pe\/#\/schema\/logo\/image\/\"},\"sameAs\":[\"https:\/\/www.facebook.com\/fibtexempaques\",\"https:\/\/x.com\/Fibtexempaques\",\"https:\/\/www.instagram.com\/fibtexempaques\/\",\"https:\/\/www.youtube.com\/c\/Fibtexempaques\",\"https:\/\/www.linkedin.com\/company\/fibtex\/\",\"https:\/\/www.tiktok.com\/@fibtexoficial?lang=es\"]}]}<\/script>\n<!-- \/ Yoast SEO plugin. -->","yoast_head_json":{"title":"GrainPro\u00ae Bag Zipper RZ-69-B - Fibtex Per&uacute;","robots":{"index":"index","follow":"follow","max-snippet":"max-snippet:-1","max-image-preview":"max-image-preview:large","max-video-preview":"max-video-preview:-1"},"canonical":"https:\/\/fibtex.co\/pe\/tienda\/grainpro-bag-zipper-rz-69-b\/","og_locale":"es_ES","og_type":"article","og_title":"GrainPro\u00ae Bag Zipper RZ-69-B - Fibtex Per&uacute;","og_description":"La SuperGrainbag\u00ae Premium RZ es la soluci\u00f3n Ultraherm\u00e9tica para el almacenamiento seguro de productos agr\u00edcolas secos. Hechas de polietileno (PE) de alta resistencia y con excelentes propiedades de barrera contra la humedad y los gases, preservan de forma segura los productos agr\u00edcolas.","og_url":"https:\/\/fibtex.co\/pe\/tienda\/grainpro-bag-zipper-rz-69-b\/","og_site_name":"Fibtex Per&uacute;","article_publisher":"https:\/\/www.facebook.com\/fibtexempaques","article_modified_time":"2022-11-27T19:24:50+00:00","og_image":[{"width":1024,"height":1024,"url":"https:\/\/fibtex.co\/pe\/wp-content\/uploads\/2022\/11\/GrainPro-Bag-Zipper-72x110-1.png","type":"image\/png"}],"twitter_card":"summary_large_image","twitter_site":"@Fibtexempaques","twitter_misc":{"Est. reading time":"1 minuto"},"schema":{"@context":"https:\/\/schema.org","@graph":[{"@type":"WebPage","@id":"https:\/\/fibtex.co\/pe\/tienda\/grainpro-bag-zipper-rz-69-b\/","url":"https:\/\/fibtex.co\/pe\/tienda\/grainpro-bag-zipper-rz-69-b\/","name":"GrainPro\u00ae Bag Zipper RZ-69-B - Fibtex Per&uacute;","isPartOf":{"@id":"https:\/\/fibtex.co\/pe\/#website"},"primaryImageOfPage":{"@id":"https:\/\/fibtex.co\/pe\/tienda\/grainpro-bag-zipper-rz-69-b\/#primaryimage"},"image":{"@id":"https:\/\/fibtex.co\/pe\/tienda\/grainpro-bag-zipper-rz-69-b\/#primaryimage"},"thumbnailUrl":"https:\/\/fibtex.co\/pe\/wp-content\/uploads\/2022\/11\/GrainPro-Bag-Zipper-72x110-1.png","datePublished":"2022-11-10T23:02:25+00:00","dateModified":"2022-11-27T19:24:50+00:00","breadcrumb":{"@id":"https:\/\/fibtex.co\/pe\/tienda\/grainpro-bag-zipper-rz-69-b\/#breadcrumb"},"inLanguage":"es","potentialAction":[{"@type":"ReadAction","target":["https:\/\/fibtex.co\/pe\/tienda\/grainpro-bag-zipper-rz-69-b\/"]}]},{"@type":"ImageObject","inLanguage":"es","@id":"https:\/\/fibtex.co\/pe\/tienda\/grainpro-bag-zipper-rz-69-b\/#primaryimage","url":"https:\/\/fibtex.co\/pe\/wp-content\/uploads\/2022\/11\/GrainPro-Bag-Zipper-72x110-1.png","contentUrl":"https:\/\/fibtex.co\/pe\/wp-content\/uploads\/2022\/11\/GrainPro-Bag-Zipper-72x110-1.png","width":1024,"height":1024,"caption":"GrainPro\u00ae Bag Zipper RZ-69-B"},{"@type":"BreadcrumbList","@id":"https:\/\/fibtex.co\/pe\/tienda\/grainpro-bag-zipper-rz-69-b\/#breadcrumb","itemListElement":[{"@type":"ListItem","position":1,"name":"Inicio","item":"https:\/\/fibtex.co\/pe\/"},{"@type":"ListItem","position":2,"name":"Tienda","item":"https:\/\/fibtex.co\/pe\/tienda\/"},{"@type":"ListItem","position":3,"name":"GrainPro\u00ae Bag Zipper RZ-69-B"}]},{"@type":"WebSite","@id":"https:\/\/fibtex.co\/pe\/#website","url":"https:\/\/fibtex.co\/pe\/","name":"Fibtex Per\u00fa","description":"Distribuidores Oficiales de GrainPro en Per&uacute;","publisher":{"@id":"https:\/\/fibtex.co\/pe\/#organization"},"alternateName":"Fibtex","potentialAction":[{"@type":"SearchAction","target":{"@type":"EntryPoint","urlTemplate":"https:\/\/fibtex.co\/pe\/?s={search_term_string}"},"query-input":"required name=search_term_string"}],"inLanguage":"es"},{"@type":"Organization","@id":"https:\/\/fibtex.co\/pe\/#organization","name":"Fibtex Per\u00fa","alternateName":"Fibtex","url":"https:\/\/fibtex.co\/pe\/","logo":{"@type":"ImageObject","inLanguage":"es","@id":"https:\/\/fibtex.co\/pe\/#\/schema\/logo\/image\/","url":"https:\/\/fibtex.co\/pe\/wp-content\/uploads\/2022\/11\/logos-04.png","contentUrl":"https:\/\/fibtex.co\/pe\/wp-content\/uploads\/2022\/11\/logos-04.png","width":1459,"height":417,"caption":"Fibtex Per\u00fa"},"image":{"@id":"https:\/\/fibtex.co\/pe\/#\/schema\/logo\/image\/"},"sameAs":["https:\/\/www.facebook.com\/fibtexempaques","https:\/\/x.com\/Fibtexempaques","https:\/\/www.instagram.com\/fibtexempaques\/","https:\/\/www.youtube.com\/c\/Fibtexempaques","https:\/\/www.linkedin.com\/company\/fibtex\/","https:\/\/www.tiktok.com\/@fibtexoficial?lang=es"]}]}},"_links":{"self":[{"href":"https:\/\/fibtex.co\/pe\/wp-json\/wp\/v2\/product\/276"}],"collection":[{"href":"https:\/\/fibtex.co\/pe\/wp-json\/wp\/v2\/product"}],"about":[{"href":"https:\/\/fibtex.co\/pe\/wp-json\/wp\/v2\/types\/product"}],"replies":[{"embeddable":true,"href":"https:\/\/fibtex.co\/pe\/wp-json\/wp\/v2\/comments?post=276"}],"wp:featuredmedia":[{"embeddable":true,"href":"https:\/\/fibtex.co\/pe\/wp-json\/wp\/v2\/media\/833"}],"wp:attachment":[{"href":"https:\/\/fibtex.co\/pe\/wp-json\/wp\/v2\/media?parent=276"}],"wp:term":[{"taxonomy":"product_cat","embeddable":true,"href":"https:\/\/fibtex.co\/pe\/wp-json\/wp\/v2\/product_cat?post=276"},{"taxonomy":"product_tag","embeddable":true,"href":"https:\/\/fibtex.co\/pe\/wp-json\/wp\/v2\/product_tag?post=276"}],"curies":[{"name":"wp","href":"https:\/\/api.w.org\/{rel}","templated":true}]}}