{"id":274,"date":"2022-11-10T18:02:25","date_gmt":"2022-11-10T23:02:25","guid":{"rendered":"https:\/\/fibtex.co\/pe\/?post_type=product&#038;p=274"},"modified":"2022-11-17T18:58:45","modified_gmt":"2022-11-17T23:58:45","slug":"grainpro-self-verifying-cocoon-svc-45-150","status":"publish","type":"product","link":"https:\/\/fibtex.co\/pe\/tienda\/grainpro-self-verifying-cocoon-svc-45-150\/","title":{"rendered":"GrainPro\u00ae Self-Verifying Cocoon\u2122 SVC \u2013 4,5-150"},"content":{"rendered":"<p><span style=\"font-size: 16px;\">Para el Almacenamiento Ultraherm\u00e9tico de cualquier tipo de granos secos, los Cocoon\u2122 GrainPro<\/span><span class=\"s1\" style=\"font-size: 16px;\">\u00ae <\/span><span style=\"font-size: 16px;\">son una soluci\u00f3n alterna de bajo costo que puede utilizarse en diversidad de lugares, bien sea en patios, dentro de bodegas o al aire libre.<\/span><\/p>\n<p><img fetchpriority=\"high\" decoding=\"async\" class=\"wp-image-733 size-full aligncenter\" src=\"http:\/\/www.fibtex.markablanka.com\/wp-content\/uploads\/2021\/08\/grainpro-cocoon-SVC-150tm-diagrama.png\" alt=\"\" width=\"800\" height=\"400\" \/><\/p>\n<p class=\"p1\">Al utilizar el Cocoon\u2122 usted:<\/p>\n<ul>\n<li class=\"p1\">Ahorra hasta 20 % de espacio en almacenamiento de granos secos.<\/li>\n<li class=\"p1\">Preserva por meses el sabor, olor, aroma y las caracter\u00edsticas de los granos secos.<\/li>\n<li class=\"p1\">Por su cierre Ultraherm\u00e9tico mantiene aislado el grano seco del\u00a0 ambiente exterior previniendo la absorci\u00f3n o p\u00e9rdida de humedad.<\/li>\n<li class=\"p1\">Evita el desarrollo de microorganismos causantes de sustancias t\u00f3xicas.<\/li>\n<li class=\"p1\">Evita p\u00e9rdidas por infestaci\u00f3n de insectos, hongos o roedores sin necesidad de utilizar qu\u00edmicos t\u00f3xicos como los insecticidas y\/o fungicidas.<\/li>\n<li class=\"p1\">No se requiere de energ\u00eda el\u00e9ctrica para mantener una temperatura adecuada. No requiere ventiladores.<\/li>\n<li class=\"p1\">No necesitan estar instalados de manera permanente y son f\u00e1ciles de transportar.<\/li>\n<\/ul>\n<table style=\"font-size: 85%;\" border=\"1\" summary=\"Tabla de especificaciones t\u00e9cnicas\" width=\"100%\" cellspacing=\"0\" cellpadding=\"0\">\n<caption>GrainPro\u00ae Self-Verifying Cocoon\u2122<\/caption>\n<tbody>\n<tr>\n<th style=\"color: #000000;\" scope=\"col\" bgcolor=\"#f5a800\">Par\u00e1metros<\/th>\n<th style=\"color: #000000;\" scope=\"col\" bgcolor=\"#f5a800\">Especificaci\u00f3n<\/th>\n<\/tr>\n<tr style=\"color: #221f1f;\">\n<td><strong>Material<\/strong><\/td>\n<td>Cloruro de Polivinilo (PVC)<\/td>\n<\/tr>\n<tr style=\"color: #221f1f;\">\n<td><strong>Grosor<\/strong><\/td>\n<td>0.83 mm (0.033 inch) \u00b1 7%<\/td>\n<\/tr>\n<tr style=\"color: #221f1f;\">\n<td><strong>Color<\/strong><\/td>\n<td>Blanco<\/td>\n<\/tr>\n<tr style=\"color: #221f1f;\">\n<td><strong>Vida \u00fatil del Producto<\/strong><\/td>\n<td>15 a\u00f1os<\/td>\n<\/tr>\n<tr style=\"color: #221f1f;\">\n<td><strong>Peso del Material<\/strong><\/td>\n<td>1050 g\/m2<\/td>\n<\/tr>\n<tr style=\"color: #221f1f;\">\n<td><strong>Mecanismo del Cierre\u00a0<\/strong><\/td>\n<td>Zipper Hermetico de PVC<\/td>\n<\/tr>\n<tr style=\"color: #221f1f;\">\n<td><strong>Velocidad de transmisi\u00f3n de ox\u00edgeno (OTR)\u00a0<\/strong><\/td>\n<td>\u2264 500 cc3\/m2\/d\u00eda a 0.1 MPa<\/td>\n<\/tr>\n<tr style=\"color: #221f1f;\">\n<td><strong>Velocidad de transmisi\u00f3n de vapor de agua (WVTR)\u00a0<\/strong><\/td>\n<td>&lt; 9 g\/m2\/d\u00eda<\/td>\n<\/tr>\n<\/tbody>\n<\/table>\n<p style=\"text-align: right;\">\n","protected":false},"excerpt":{"rendered":"<p>Una soluci\u00f3n alterna de bajo costo que puede utilizarse en diversidad de lugares, bien sea en patios, dentro de bodegas o al aire libre.<\/p>\n<p>Capacidad Nominal (Toneladas m\u00e9tricas): 150 TM<\/p>\n","protected":false},"featured_media":829,"comment_status":"open","ping_status":"closed","template":"","meta":[],"product_cat":[25,44],"product_tag":[],"yoast_head":"<!-- This site is optimized with the Yoast SEO plugin v22.6 - https:\/\/yoast.com\/wordpress\/plugins\/seo\/ -->\n<title>GrainPro\u00ae Self-Verifying Cocoon\u2122 SVC \u2013 4,5-150 - Fibtex Per&uacute;<\/title>\n<meta name=\"robots\" content=\"index, follow, max-snippet:-1, max-image-preview:large, max-video-preview:-1\" \/>\n<link rel=\"canonical\" href=\"https:\/\/fibtex.co\/pe\/tienda\/grainpro-self-verifying-cocoon-svc-45-150\/\" \/>\n<meta property=\"og:locale\" content=\"es_ES\" \/>\n<meta property=\"og:type\" content=\"article\" \/>\n<meta property=\"og:title\" content=\"GrainPro\u00ae Self-Verifying Cocoon\u2122 SVC \u2013 4,5-150 - Fibtex Per&uacute;\" \/>\n<meta property=\"og:description\" content=\"Una soluci\u00f3n alterna de bajo costo que puede utilizarse en diversidad de lugares, bien sea en patios, dentro de bodegas o al aire libre.  Capacidad Nominal (Toneladas m\u00e9tricas): 150 TM\" \/>\n<meta property=\"og:url\" content=\"https:\/\/fibtex.co\/pe\/tienda\/grainpro-self-verifying-cocoon-svc-45-150\/\" \/>\n<meta property=\"og:site_name\" content=\"Fibtex Per&uacute;\" \/>\n<meta property=\"article:publisher\" content=\"https:\/\/www.facebook.com\/fibtexempaques\" \/>\n<meta property=\"article:modified_time\" content=\"2022-11-17T23:58:45+00:00\" \/>\n<meta property=\"og:image\" content=\"https:\/\/fibtex.co\/pe\/wp-content\/uploads\/2022\/11\/GrainPro-Cocoon-SVC-4-5-150.png\" \/>\n\t<meta property=\"og:image:width\" content=\"1024\" \/>\n\t<meta property=\"og:image:height\" content=\"1024\" \/>\n\t<meta property=\"og:image:type\" content=\"image\/png\" \/>\n<meta name=\"twitter:card\" content=\"summary_large_image\" \/>\n<meta name=\"twitter:site\" content=\"@Fibtexempaques\" \/>\n<meta name=\"twitter:label1\" content=\"Est. reading time\" \/>\n\t<meta name=\"twitter:data1\" content=\"1 minuto\" \/>\n<script type=\"application\/ld+json\" class=\"yoast-schema-graph\">{\"@context\":\"https:\/\/schema.org\",\"@graph\":[{\"@type\":\"WebPage\",\"@id\":\"https:\/\/fibtex.co\/pe\/tienda\/grainpro-self-verifying-cocoon-svc-45-150\/\",\"url\":\"https:\/\/fibtex.co\/pe\/tienda\/grainpro-self-verifying-cocoon-svc-45-150\/\",\"name\":\"GrainPro\u00ae Self-Verifying Cocoon\u2122 SVC \u2013 4,5-150 - Fibtex Per&uacute;\",\"isPartOf\":{\"@id\":\"https:\/\/fibtex.co\/pe\/#website\"},\"primaryImageOfPage\":{\"@id\":\"https:\/\/fibtex.co\/pe\/tienda\/grainpro-self-verifying-cocoon-svc-45-150\/#primaryimage\"},\"image\":{\"@id\":\"https:\/\/fibtex.co\/pe\/tienda\/grainpro-self-verifying-cocoon-svc-45-150\/#primaryimage\"},\"thumbnailUrl\":\"https:\/\/fibtex.co\/pe\/wp-content\/uploads\/2022\/11\/GrainPro-Cocoon-SVC-4-5-150.png\",\"datePublished\":\"2022-11-10T23:02:25+00:00\",\"dateModified\":\"2022-11-17T23:58:45+00:00\",\"breadcrumb\":{\"@id\":\"https:\/\/fibtex.co\/pe\/tienda\/grainpro-self-verifying-cocoon-svc-45-150\/#breadcrumb\"},\"inLanguage\":\"es\",\"potentialAction\":[{\"@type\":\"ReadAction\",\"target\":[\"https:\/\/fibtex.co\/pe\/tienda\/grainpro-self-verifying-cocoon-svc-45-150\/\"]}]},{\"@type\":\"ImageObject\",\"inLanguage\":\"es\",\"@id\":\"https:\/\/fibtex.co\/pe\/tienda\/grainpro-self-verifying-cocoon-svc-45-150\/#primaryimage\",\"url\":\"https:\/\/fibtex.co\/pe\/wp-content\/uploads\/2022\/11\/GrainPro-Cocoon-SVC-4-5-150.png\",\"contentUrl\":\"https:\/\/fibtex.co\/pe\/wp-content\/uploads\/2022\/11\/GrainPro-Cocoon-SVC-4-5-150.png\",\"width\":1024,\"height\":1024,\"caption\":\"GrainPro-Cocoon-SVC-4-5-150\"},{\"@type\":\"BreadcrumbList\",\"@id\":\"https:\/\/fibtex.co\/pe\/tienda\/grainpro-self-verifying-cocoon-svc-45-150\/#breadcrumb\",\"itemListElement\":[{\"@type\":\"ListItem\",\"position\":1,\"name\":\"Inicio\",\"item\":\"https:\/\/fibtex.co\/pe\/\"},{\"@type\":\"ListItem\",\"position\":2,\"name\":\"Tienda\",\"item\":\"https:\/\/fibtex.co\/pe\/tienda\/\"},{\"@type\":\"ListItem\",\"position\":3,\"name\":\"GrainPro\u00ae Self-Verifying Cocoon\u2122 SVC \u2013 4,5-150\"}]},{\"@type\":\"WebSite\",\"@id\":\"https:\/\/fibtex.co\/pe\/#website\",\"url\":\"https:\/\/fibtex.co\/pe\/\",\"name\":\"Fibtex Per\u00fa\",\"description\":\"Distribuidores Oficiales de GrainPro en Per&uacute;\",\"publisher\":{\"@id\":\"https:\/\/fibtex.co\/pe\/#organization\"},\"alternateName\":\"Fibtex\",\"potentialAction\":[{\"@type\":\"SearchAction\",\"target\":{\"@type\":\"EntryPoint\",\"urlTemplate\":\"https:\/\/fibtex.co\/pe\/?s={search_term_string}\"},\"query-input\":\"required name=search_term_string\"}],\"inLanguage\":\"es\"},{\"@type\":\"Organization\",\"@id\":\"https:\/\/fibtex.co\/pe\/#organization\",\"name\":\"Fibtex Per\u00fa\",\"alternateName\":\"Fibtex\",\"url\":\"https:\/\/fibtex.co\/pe\/\",\"logo\":{\"@type\":\"ImageObject\",\"inLanguage\":\"es\",\"@id\":\"https:\/\/fibtex.co\/pe\/#\/schema\/logo\/image\/\",\"url\":\"https:\/\/fibtex.co\/pe\/wp-content\/uploads\/2022\/11\/logos-04.png\",\"contentUrl\":\"https:\/\/fibtex.co\/pe\/wp-content\/uploads\/2022\/11\/logos-04.png\",\"width\":1459,\"height\":417,\"caption\":\"Fibtex Per\u00fa\"},\"image\":{\"@id\":\"https:\/\/fibtex.co\/pe\/#\/schema\/logo\/image\/\"},\"sameAs\":[\"https:\/\/www.facebook.com\/fibtexempaques\",\"https:\/\/x.com\/Fibtexempaques\",\"https:\/\/www.instagram.com\/fibtexempaques\/\",\"https:\/\/www.youtube.com\/c\/Fibtexempaques\",\"https:\/\/www.linkedin.com\/company\/fibtex\/\",\"https:\/\/www.tiktok.com\/@fibtexoficial?lang=es\"]}]}<\/script>\n<!-- \/ Yoast SEO plugin. -->","yoast_head_json":{"title":"GrainPro\u00ae Self-Verifying Cocoon\u2122 SVC \u2013 4,5-150 - Fibtex Per&uacute;","robots":{"index":"index","follow":"follow","max-snippet":"max-snippet:-1","max-image-preview":"max-image-preview:large","max-video-preview":"max-video-preview:-1"},"canonical":"https:\/\/fibtex.co\/pe\/tienda\/grainpro-self-verifying-cocoon-svc-45-150\/","og_locale":"es_ES","og_type":"article","og_title":"GrainPro\u00ae Self-Verifying Cocoon\u2122 SVC \u2013 4,5-150 - Fibtex Per&uacute;","og_description":"Una soluci\u00f3n alterna de bajo costo que puede utilizarse en diversidad de lugares, bien sea en patios, dentro de bodegas o al aire libre.  Capacidad Nominal (Toneladas m\u00e9tricas): 150 TM","og_url":"https:\/\/fibtex.co\/pe\/tienda\/grainpro-self-verifying-cocoon-svc-45-150\/","og_site_name":"Fibtex Per&uacute;","article_publisher":"https:\/\/www.facebook.com\/fibtexempaques","article_modified_time":"2022-11-17T23:58:45+00:00","og_image":[{"width":1024,"height":1024,"url":"https:\/\/fibtex.co\/pe\/wp-content\/uploads\/2022\/11\/GrainPro-Cocoon-SVC-4-5-150.png","type":"image\/png"}],"twitter_card":"summary_large_image","twitter_site":"@Fibtexempaques","twitter_misc":{"Est. reading time":"1 minuto"},"schema":{"@context":"https:\/\/schema.org","@graph":[{"@type":"WebPage","@id":"https:\/\/fibtex.co\/pe\/tienda\/grainpro-self-verifying-cocoon-svc-45-150\/","url":"https:\/\/fibtex.co\/pe\/tienda\/grainpro-self-verifying-cocoon-svc-45-150\/","name":"GrainPro\u00ae Self-Verifying Cocoon\u2122 SVC \u2013 4,5-150 - Fibtex Per&uacute;","isPartOf":{"@id":"https:\/\/fibtex.co\/pe\/#website"},"primaryImageOfPage":{"@id":"https:\/\/fibtex.co\/pe\/tienda\/grainpro-self-verifying-cocoon-svc-45-150\/#primaryimage"},"image":{"@id":"https:\/\/fibtex.co\/pe\/tienda\/grainpro-self-verifying-cocoon-svc-45-150\/#primaryimage"},"thumbnailUrl":"https:\/\/fibtex.co\/pe\/wp-content\/uploads\/2022\/11\/GrainPro-Cocoon-SVC-4-5-150.png","datePublished":"2022-11-10T23:02:25+00:00","dateModified":"2022-11-17T23:58:45+00:00","breadcrumb":{"@id":"https:\/\/fibtex.co\/pe\/tienda\/grainpro-self-verifying-cocoon-svc-45-150\/#breadcrumb"},"inLanguage":"es","potentialAction":[{"@type":"ReadAction","target":["https:\/\/fibtex.co\/pe\/tienda\/grainpro-self-verifying-cocoon-svc-45-150\/"]}]},{"@type":"ImageObject","inLanguage":"es","@id":"https:\/\/fibtex.co\/pe\/tienda\/grainpro-self-verifying-cocoon-svc-45-150\/#primaryimage","url":"https:\/\/fibtex.co\/pe\/wp-content\/uploads\/2022\/11\/GrainPro-Cocoon-SVC-4-5-150.png","contentUrl":"https:\/\/fibtex.co\/pe\/wp-content\/uploads\/2022\/11\/GrainPro-Cocoon-SVC-4-5-150.png","width":1024,"height":1024,"caption":"GrainPro-Cocoon-SVC-4-5-150"},{"@type":"BreadcrumbList","@id":"https:\/\/fibtex.co\/pe\/tienda\/grainpro-self-verifying-cocoon-svc-45-150\/#breadcrumb","itemListElement":[{"@type":"ListItem","position":1,"name":"Inicio","item":"https:\/\/fibtex.co\/pe\/"},{"@type":"ListItem","position":2,"name":"Tienda","item":"https:\/\/fibtex.co\/pe\/tienda\/"},{"@type":"ListItem","position":3,"name":"GrainPro\u00ae Self-Verifying Cocoon\u2122 SVC \u2013 4,5-150"}]},{"@type":"WebSite","@id":"https:\/\/fibtex.co\/pe\/#website","url":"https:\/\/fibtex.co\/pe\/","name":"Fibtex Per\u00fa","description":"Distribuidores Oficiales de GrainPro en Per&uacute;","publisher":{"@id":"https:\/\/fibtex.co\/pe\/#organization"},"alternateName":"Fibtex","potentialAction":[{"@type":"SearchAction","target":{"@type":"EntryPoint","urlTemplate":"https:\/\/fibtex.co\/pe\/?s={search_term_string}"},"query-input":"required name=search_term_string"}],"inLanguage":"es"},{"@type":"Organization","@id":"https:\/\/fibtex.co\/pe\/#organization","name":"Fibtex Per\u00fa","alternateName":"Fibtex","url":"https:\/\/fibtex.co\/pe\/","logo":{"@type":"ImageObject","inLanguage":"es","@id":"https:\/\/fibtex.co\/pe\/#\/schema\/logo\/image\/","url":"https:\/\/fibtex.co\/pe\/wp-content\/uploads\/2022\/11\/logos-04.png","contentUrl":"https:\/\/fibtex.co\/pe\/wp-content\/uploads\/2022\/11\/logos-04.png","width":1459,"height":417,"caption":"Fibtex Per\u00fa"},"image":{"@id":"https:\/\/fibtex.co\/pe\/#\/schema\/logo\/image\/"},"sameAs":["https:\/\/www.facebook.com\/fibtexempaques","https:\/\/x.com\/Fibtexempaques","https:\/\/www.instagram.com\/fibtexempaques\/","https:\/\/www.youtube.com\/c\/Fibtexempaques","https:\/\/www.linkedin.com\/company\/fibtex\/","https:\/\/www.tiktok.com\/@fibtexoficial?lang=es"]}]}},"_links":{"self":[{"href":"https:\/\/fibtex.co\/pe\/wp-json\/wp\/v2\/product\/274"}],"collection":[{"href":"https:\/\/fibtex.co\/pe\/wp-json\/wp\/v2\/product"}],"about":[{"href":"https:\/\/fibtex.co\/pe\/wp-json\/wp\/v2\/types\/product"}],"replies":[{"embeddable":true,"href":"https:\/\/fibtex.co\/pe\/wp-json\/wp\/v2\/comments?post=274"}],"wp:featuredmedia":[{"embeddable":true,"href":"https:\/\/fibtex.co\/pe\/wp-json\/wp\/v2\/media\/829"}],"wp:attachment":[{"href":"https:\/\/fibtex.co\/pe\/wp-json\/wp\/v2\/media?parent=274"}],"wp:term":[{"taxonomy":"product_cat","embeddable":true,"href":"https:\/\/fibtex.co\/pe\/wp-json\/wp\/v2\/product_cat?post=274"},{"taxonomy":"product_tag","embeddable":true,"href":"https:\/\/fibtex.co\/pe\/wp-json\/wp\/v2\/product_tag?post=274"}],"curies":[{"name":"wp","href":"https:\/\/api.w.org\/{rel}","templated":true}]}}