{"id":268,"date":"2022-11-10T18:02:24","date_gmt":"2022-11-10T23:02:24","guid":{"rendered":"https:\/\/fibtex.co\/pe\/?post_type=product&#038;p=268"},"modified":"2022-11-27T14:25:23","modified_gmt":"2022-11-27T19:25:23","slug":"grainpro-fibc-hermetic-liner-high-capacity","status":"publish","type":"product","link":"https:\/\/fibtex.co\/pe\/tienda\/grainpro-fibc-hermetic-liner-high-capacity\/","title":{"rendered":"GrainPro\u00ae FIBC Hermetic Liner\/High Capacity"},"content":{"rendered":"<p class=\"p1\">El FIBC Hermetic Liner \/ High Capacity es ideal para almacenar granos secos y semillas de todo tipo en bodegas o incluso para transportarlos, sin necesidad de fumigaci\u00f3n y previniendo la humedad y la infestaci\u00f3n de plagas y mohos. Siempre debe ser utilizado dentro de un \u201cFIBC\u201d (en ingl\u00e9s Flexible Intermediate Bulk Container) o Big Bag fabricado a la medida de este producto, en tama\u00f1os est\u00e1ndar y especiales. GrainPro provee la bolsa herm\u00e9tica en polietileno (PE) con barrera antigases y en Fibtex fabricamos los Big Bags de polipropileno tejido (PP).<\/p>\n<p>&nbsp;<\/p>\n<p class=\"p1\">El FIBC Hermetic Liner \/ High Capacity est\u00e1 dise\u00f1ado como dispositivo de almacenamiento y transporte, reusable para productos agr\u00edcolas secos. Este dispositivo de almacenamiento y transporte act\u00faa como barrera contra la humedad y otros contaminantes y plagas y se utiliza dentro de los sacos de polipropileno llamados \u201cBig Bags\u201d para incrementar su protecci\u00f3n f\u00edsica. Las propiedades \u00fanicas de esta barrera de protecci\u00f3n contra la humedad, protegen tambi\u00e9n contra el ingreso de vapor de agua y gases, preservando bajos niveles de ox\u00edgeno (O<span class=\"s1\">2<\/span>), y altas concentraciones de di\u00f3xido de carbono (CO<span class=\"s1\">2<\/span>) creados por la respiraci\u00f3n de la semilla o del grano almacenado.<\/p>\n<p>&nbsp;<\/p>\n<table style=\"font-size: 105%;\" border=\"1\" summary=\"Tabla de especificaciones t\u00e9cnicas\" width=\"100%\" cellspacing=\"0\" cellpadding=\"5\">\n<caption>GrainPro FIBC Hermetic Liner High Capacity<\/caption>\n<tbody>\n<tr>\n<th style=\"color: #ffffff;\" scope=\"col\" bgcolor=\"#f5a800\">Par\u00e1metros<\/th>\n<th style=\"color: #ffffff;\" scope=\"col\" bgcolor=\"#f5a800\">Especificaci\u00f3n<\/th>\n<\/tr>\n<tr style=\"color: #221f1f;\">\n<td><strong>Material<\/strong><\/td>\n<td>Material PE de alta resistencia con barrera antigases<\/td>\n<\/tr>\n<tr style=\"color: #221f1f;\">\n<td><strong>Espesor en micrones<\/strong><\/td>\n<td>100 \u00b1 5%<\/td>\n<\/tr>\n<tr style=\"color: #221f1f;\">\n<td><strong>Color<\/strong><\/td>\n<td>Verde<\/td>\n<\/tr>\n<tr style=\"color: #221f1f;\">\n<td><strong>Velocidad de transmisi\u00f3n de ox\u00edgeno (OTR)\u00a0<\/strong><\/td>\n<td>\u2264 9 cc\/m2\/d\u00eda 0.1 MPa<\/td>\n<\/tr>\n<tr style=\"color: #221f1f;\">\n<td><strong>Velocidad de transmisi\u00f3n de vapor de agua (WVTR)\u00a0<\/strong><\/td>\n<td>\u2264 4 g\/m2\/d\u00eda<\/td>\n<\/tr>\n<tr style=\"color: #221f1f;\">\n<td><strong>Vida \u00fatil del producto, a\u00f1os<\/strong><\/td>\n<td>2<\/td>\n<\/tr>\n<tr style=\"color: #221f1f;\">\n<td><strong>Mecanismo de sellado<\/strong><\/td>\n<td>Zipper de PE de doble carril<\/td>\n<\/tr>\n<\/tbody>\n<\/table>\n<p style=\"text-align: right;\">\n","protected":false},"excerpt":{"rendered":"<p class=\"p1\">Esta protecci\u00f3n interna para Big Bag es una soluci\u00f3n simple y efectiva para productos con riesgo de humedad.<\/p>\n","protected":false},"featured_media":817,"comment_status":"open","ping_status":"closed","template":"","meta":[],"product_cat":[25,44,43],"product_tag":[],"yoast_head":"<!-- This site is optimized with the Yoast SEO plugin v22.6 - https:\/\/yoast.com\/wordpress\/plugins\/seo\/ -->\n<title>GrainPro\u00ae FIBC Hermetic Liner\/High Capacity - Fibtex Per&uacute;<\/title>\n<meta name=\"robots\" content=\"index, follow, max-snippet:-1, max-image-preview:large, max-video-preview:-1\" \/>\n<link rel=\"canonical\" href=\"https:\/\/fibtex.co\/pe\/tienda\/grainpro-fibc-hermetic-liner-high-capacity\/\" \/>\n<meta property=\"og:locale\" content=\"es_ES\" \/>\n<meta property=\"og:type\" content=\"article\" \/>\n<meta property=\"og:title\" content=\"GrainPro\u00ae FIBC Hermetic Liner\/High Capacity - Fibtex Per&uacute;\" \/>\n<meta property=\"og:description\" content=\"Esta protecci\u00f3n interna para Big Bag es una soluci\u00f3n simple y efectiva para productos con riesgo de humedad.\" \/>\n<meta property=\"og:url\" content=\"https:\/\/fibtex.co\/pe\/tienda\/grainpro-fibc-hermetic-liner-high-capacity\/\" \/>\n<meta property=\"og:site_name\" content=\"Fibtex Per&uacute;\" \/>\n<meta property=\"article:publisher\" content=\"https:\/\/www.facebook.com\/fibtexempaques\" \/>\n<meta property=\"article:modified_time\" content=\"2022-11-27T19:25:23+00:00\" \/>\n<meta property=\"og:image\" content=\"https:\/\/fibtex.co\/pe\/wp-content\/uploads\/2022\/11\/GrainPro-FIBC-Hermetic-2Liner.png\" \/>\n\t<meta property=\"og:image:width\" content=\"1024\" \/>\n\t<meta property=\"og:image:height\" content=\"1024\" \/>\n\t<meta property=\"og:image:type\" content=\"image\/png\" \/>\n<meta name=\"twitter:card\" content=\"summary_large_image\" \/>\n<meta name=\"twitter:site\" content=\"@Fibtexempaques\" \/>\n<meta name=\"twitter:label1\" content=\"Est. reading time\" \/>\n\t<meta name=\"twitter:data1\" content=\"1 minuto\" \/>\n<script type=\"application\/ld+json\" class=\"yoast-schema-graph\">{\"@context\":\"https:\/\/schema.org\",\"@graph\":[{\"@type\":\"WebPage\",\"@id\":\"https:\/\/fibtex.co\/pe\/tienda\/grainpro-fibc-hermetic-liner-high-capacity\/\",\"url\":\"https:\/\/fibtex.co\/pe\/tienda\/grainpro-fibc-hermetic-liner-high-capacity\/\",\"name\":\"GrainPro\u00ae FIBC Hermetic Liner\/High Capacity - Fibtex Per&uacute;\",\"isPartOf\":{\"@id\":\"https:\/\/fibtex.co\/pe\/#website\"},\"primaryImageOfPage\":{\"@id\":\"https:\/\/fibtex.co\/pe\/tienda\/grainpro-fibc-hermetic-liner-high-capacity\/#primaryimage\"},\"image\":{\"@id\":\"https:\/\/fibtex.co\/pe\/tienda\/grainpro-fibc-hermetic-liner-high-capacity\/#primaryimage\"},\"thumbnailUrl\":\"https:\/\/fibtex.co\/pe\/wp-content\/uploads\/2022\/11\/GrainPro-FIBC-Hermetic-2Liner.png\",\"datePublished\":\"2022-11-10T23:02:24+00:00\",\"dateModified\":\"2022-11-27T19:25:23+00:00\",\"breadcrumb\":{\"@id\":\"https:\/\/fibtex.co\/pe\/tienda\/grainpro-fibc-hermetic-liner-high-capacity\/#breadcrumb\"},\"inLanguage\":\"es\",\"potentialAction\":[{\"@type\":\"ReadAction\",\"target\":[\"https:\/\/fibtex.co\/pe\/tienda\/grainpro-fibc-hermetic-liner-high-capacity\/\"]}]},{\"@type\":\"ImageObject\",\"inLanguage\":\"es\",\"@id\":\"https:\/\/fibtex.co\/pe\/tienda\/grainpro-fibc-hermetic-liner-high-capacity\/#primaryimage\",\"url\":\"https:\/\/fibtex.co\/pe\/wp-content\/uploads\/2022\/11\/GrainPro-FIBC-Hermetic-2Liner.png\",\"contentUrl\":\"https:\/\/fibtex.co\/pe\/wp-content\/uploads\/2022\/11\/GrainPro-FIBC-Hermetic-2Liner.png\",\"width\":1024,\"height\":1024},{\"@type\":\"BreadcrumbList\",\"@id\":\"https:\/\/fibtex.co\/pe\/tienda\/grainpro-fibc-hermetic-liner-high-capacity\/#breadcrumb\",\"itemListElement\":[{\"@type\":\"ListItem\",\"position\":1,\"name\":\"Inicio\",\"item\":\"https:\/\/fibtex.co\/pe\/\"},{\"@type\":\"ListItem\",\"position\":2,\"name\":\"Tienda\",\"item\":\"https:\/\/fibtex.co\/pe\/tienda\/\"},{\"@type\":\"ListItem\",\"position\":3,\"name\":\"GrainPro\u00ae FIBC Hermetic Liner\/High Capacity\"}]},{\"@type\":\"WebSite\",\"@id\":\"https:\/\/fibtex.co\/pe\/#website\",\"url\":\"https:\/\/fibtex.co\/pe\/\",\"name\":\"Fibtex Per\u00fa\",\"description\":\"Distribuidores Oficiales de GrainPro en Per&uacute;\",\"publisher\":{\"@id\":\"https:\/\/fibtex.co\/pe\/#organization\"},\"alternateName\":\"Fibtex\",\"potentialAction\":[{\"@type\":\"SearchAction\",\"target\":{\"@type\":\"EntryPoint\",\"urlTemplate\":\"https:\/\/fibtex.co\/pe\/?s={search_term_string}\"},\"query-input\":\"required name=search_term_string\"}],\"inLanguage\":\"es\"},{\"@type\":\"Organization\",\"@id\":\"https:\/\/fibtex.co\/pe\/#organization\",\"name\":\"Fibtex Per\u00fa\",\"alternateName\":\"Fibtex\",\"url\":\"https:\/\/fibtex.co\/pe\/\",\"logo\":{\"@type\":\"ImageObject\",\"inLanguage\":\"es\",\"@id\":\"https:\/\/fibtex.co\/pe\/#\/schema\/logo\/image\/\",\"url\":\"https:\/\/fibtex.co\/pe\/wp-content\/uploads\/2022\/11\/logos-04.png\",\"contentUrl\":\"https:\/\/fibtex.co\/pe\/wp-content\/uploads\/2022\/11\/logos-04.png\",\"width\":1459,\"height\":417,\"caption\":\"Fibtex Per\u00fa\"},\"image\":{\"@id\":\"https:\/\/fibtex.co\/pe\/#\/schema\/logo\/image\/\"},\"sameAs\":[\"https:\/\/www.facebook.com\/fibtexempaques\",\"https:\/\/x.com\/Fibtexempaques\",\"https:\/\/www.instagram.com\/fibtexempaques\/\",\"https:\/\/www.youtube.com\/c\/Fibtexempaques\",\"https:\/\/www.linkedin.com\/company\/fibtex\/\",\"https:\/\/www.tiktok.com\/@fibtexoficial?lang=es\"]}]}<\/script>\n<!-- \/ Yoast SEO plugin. -->","yoast_head_json":{"title":"GrainPro\u00ae FIBC Hermetic Liner\/High Capacity - Fibtex Per&uacute;","robots":{"index":"index","follow":"follow","max-snippet":"max-snippet:-1","max-image-preview":"max-image-preview:large","max-video-preview":"max-video-preview:-1"},"canonical":"https:\/\/fibtex.co\/pe\/tienda\/grainpro-fibc-hermetic-liner-high-capacity\/","og_locale":"es_ES","og_type":"article","og_title":"GrainPro\u00ae FIBC Hermetic Liner\/High Capacity - Fibtex Per&uacute;","og_description":"Esta protecci\u00f3n interna para Big Bag es una soluci\u00f3n simple y efectiva para productos con riesgo de humedad.","og_url":"https:\/\/fibtex.co\/pe\/tienda\/grainpro-fibc-hermetic-liner-high-capacity\/","og_site_name":"Fibtex Per&uacute;","article_publisher":"https:\/\/www.facebook.com\/fibtexempaques","article_modified_time":"2022-11-27T19:25:23+00:00","og_image":[{"width":1024,"height":1024,"url":"https:\/\/fibtex.co\/pe\/wp-content\/uploads\/2022\/11\/GrainPro-FIBC-Hermetic-2Liner.png","type":"image\/png"}],"twitter_card":"summary_large_image","twitter_site":"@Fibtexempaques","twitter_misc":{"Est. reading time":"1 minuto"},"schema":{"@context":"https:\/\/schema.org","@graph":[{"@type":"WebPage","@id":"https:\/\/fibtex.co\/pe\/tienda\/grainpro-fibc-hermetic-liner-high-capacity\/","url":"https:\/\/fibtex.co\/pe\/tienda\/grainpro-fibc-hermetic-liner-high-capacity\/","name":"GrainPro\u00ae FIBC Hermetic Liner\/High Capacity - Fibtex Per&uacute;","isPartOf":{"@id":"https:\/\/fibtex.co\/pe\/#website"},"primaryImageOfPage":{"@id":"https:\/\/fibtex.co\/pe\/tienda\/grainpro-fibc-hermetic-liner-high-capacity\/#primaryimage"},"image":{"@id":"https:\/\/fibtex.co\/pe\/tienda\/grainpro-fibc-hermetic-liner-high-capacity\/#primaryimage"},"thumbnailUrl":"https:\/\/fibtex.co\/pe\/wp-content\/uploads\/2022\/11\/GrainPro-FIBC-Hermetic-2Liner.png","datePublished":"2022-11-10T23:02:24+00:00","dateModified":"2022-11-27T19:25:23+00:00","breadcrumb":{"@id":"https:\/\/fibtex.co\/pe\/tienda\/grainpro-fibc-hermetic-liner-high-capacity\/#breadcrumb"},"inLanguage":"es","potentialAction":[{"@type":"ReadAction","target":["https:\/\/fibtex.co\/pe\/tienda\/grainpro-fibc-hermetic-liner-high-capacity\/"]}]},{"@type":"ImageObject","inLanguage":"es","@id":"https:\/\/fibtex.co\/pe\/tienda\/grainpro-fibc-hermetic-liner-high-capacity\/#primaryimage","url":"https:\/\/fibtex.co\/pe\/wp-content\/uploads\/2022\/11\/GrainPro-FIBC-Hermetic-2Liner.png","contentUrl":"https:\/\/fibtex.co\/pe\/wp-content\/uploads\/2022\/11\/GrainPro-FIBC-Hermetic-2Liner.png","width":1024,"height":1024},{"@type":"BreadcrumbList","@id":"https:\/\/fibtex.co\/pe\/tienda\/grainpro-fibc-hermetic-liner-high-capacity\/#breadcrumb","itemListElement":[{"@type":"ListItem","position":1,"name":"Inicio","item":"https:\/\/fibtex.co\/pe\/"},{"@type":"ListItem","position":2,"name":"Tienda","item":"https:\/\/fibtex.co\/pe\/tienda\/"},{"@type":"ListItem","position":3,"name":"GrainPro\u00ae FIBC Hermetic Liner\/High Capacity"}]},{"@type":"WebSite","@id":"https:\/\/fibtex.co\/pe\/#website","url":"https:\/\/fibtex.co\/pe\/","name":"Fibtex Per\u00fa","description":"Distribuidores Oficiales de GrainPro en Per&uacute;","publisher":{"@id":"https:\/\/fibtex.co\/pe\/#organization"},"alternateName":"Fibtex","potentialAction":[{"@type":"SearchAction","target":{"@type":"EntryPoint","urlTemplate":"https:\/\/fibtex.co\/pe\/?s={search_term_string}"},"query-input":"required name=search_term_string"}],"inLanguage":"es"},{"@type":"Organization","@id":"https:\/\/fibtex.co\/pe\/#organization","name":"Fibtex Per\u00fa","alternateName":"Fibtex","url":"https:\/\/fibtex.co\/pe\/","logo":{"@type":"ImageObject","inLanguage":"es","@id":"https:\/\/fibtex.co\/pe\/#\/schema\/logo\/image\/","url":"https:\/\/fibtex.co\/pe\/wp-content\/uploads\/2022\/11\/logos-04.png","contentUrl":"https:\/\/fibtex.co\/pe\/wp-content\/uploads\/2022\/11\/logos-04.png","width":1459,"height":417,"caption":"Fibtex Per\u00fa"},"image":{"@id":"https:\/\/fibtex.co\/pe\/#\/schema\/logo\/image\/"},"sameAs":["https:\/\/www.facebook.com\/fibtexempaques","https:\/\/x.com\/Fibtexempaques","https:\/\/www.instagram.com\/fibtexempaques\/","https:\/\/www.youtube.com\/c\/Fibtexempaques","https:\/\/www.linkedin.com\/company\/fibtex\/","https:\/\/www.tiktok.com\/@fibtexoficial?lang=es"]}]}},"_links":{"self":[{"href":"https:\/\/fibtex.co\/pe\/wp-json\/wp\/v2\/product\/268"}],"collection":[{"href":"https:\/\/fibtex.co\/pe\/wp-json\/wp\/v2\/product"}],"about":[{"href":"https:\/\/fibtex.co\/pe\/wp-json\/wp\/v2\/types\/product"}],"replies":[{"embeddable":true,"href":"https:\/\/fibtex.co\/pe\/wp-json\/wp\/v2\/comments?post=268"}],"wp:featuredmedia":[{"embeddable":true,"href":"https:\/\/fibtex.co\/pe\/wp-json\/wp\/v2\/media\/817"}],"wp:attachment":[{"href":"https:\/\/fibtex.co\/pe\/wp-json\/wp\/v2\/media?parent=268"}],"wp:term":[{"taxonomy":"product_cat","embeddable":true,"href":"https:\/\/fibtex.co\/pe\/wp-json\/wp\/v2\/product_cat?post=268"},{"taxonomy":"product_tag","embeddable":true,"href":"https:\/\/fibtex.co\/pe\/wp-json\/wp\/v2\/product_tag?post=268"}],"curies":[{"name":"wp","href":"https:\/\/api.w.org\/{rel}","templated":true}]}}