{"id":267,"date":"2022-11-10T18:02:24","date_gmt":"2022-11-10T23:02:24","guid":{"rendered":"https:\/\/fibtex.co\/pe\/?post_type=product&#038;p=267"},"modified":"2026-01-30T17:39:28","modified_gmt":"2026-01-30T22:39:28","slug":"grainpro-cocoon-indoor-100m%c2%b3","status":"publish","type":"product","link":"https:\/\/fibtex.co\/pe\/tienda\/grainpro-cocoon-indoor-100m%c2%b3\/","title":{"rendered":"GrainPro\u00ae Cocoon Indoor"},"content":{"rendered":"<p>&nbsp;<\/p>\n<p><img decoding=\"async\" class=\"alignnone size-medium wp-image-2183\" src=\"https:\/\/fibtex.co\/pe\/wp-content\/uploads\/2022\/11\/grainpro-cocoon-indoor-13m3-diagrama-300x150.png\" alt=\"\" width=\"300\" height=\"150\" srcset=\"https:\/\/fibtex.co\/pe\/wp-content\/uploads\/2022\/11\/grainpro-cocoon-indoor-13m3-diagrama-300x150.png 300w, https:\/\/fibtex.co\/pe\/wp-content\/uploads\/2022\/11\/grainpro-cocoon-indoor-13m3-diagrama-768x384.png 768w, https:\/\/fibtex.co\/pe\/wp-content\/uploads\/2022\/11\/grainpro-cocoon-indoor-13m3-diagrama.png 800w\" sizes=\"(max-width: 300px) 100vw, 300px\" \/> <img decoding=\"async\" class=\"alignnone size-medium wp-image-2184\" src=\"https:\/\/fibtex.co\/pe\/wp-content\/uploads\/2022\/11\/grainpro-cocoon-indoor-50m3-diagrama-300x150.png\" alt=\"\" width=\"300\" height=\"150\" srcset=\"https:\/\/fibtex.co\/pe\/wp-content\/uploads\/2022\/11\/grainpro-cocoon-indoor-50m3-diagrama-300x150.png 300w, https:\/\/fibtex.co\/pe\/wp-content\/uploads\/2022\/11\/grainpro-cocoon-indoor-50m3-diagrama-768x384.png 768w, https:\/\/fibtex.co\/pe\/wp-content\/uploads\/2022\/11\/grainpro-cocoon-indoor-50m3-diagrama.png 800w\" sizes=\"(max-width: 300px) 100vw, 300px\" \/> <img decoding=\"async\" class=\"alignnone size-medium wp-image-2185\" src=\"https:\/\/fibtex.co\/pe\/wp-content\/uploads\/2022\/11\/grainpro-cocoon-indoor-100m3-diagrama-300x150.png\" alt=\"\" width=\"300\" height=\"150\" srcset=\"https:\/\/fibtex.co\/pe\/wp-content\/uploads\/2022\/11\/grainpro-cocoon-indoor-100m3-diagrama-300x150.png 300w, https:\/\/fibtex.co\/pe\/wp-content\/uploads\/2022\/11\/grainpro-cocoon-indoor-100m3-diagrama-768x384.png 768w, https:\/\/fibtex.co\/pe\/wp-content\/uploads\/2022\/11\/grainpro-cocoon-indoor-100m3-diagrama.png 800w\" sizes=\"(max-width: 300px) 100vw, 300px\" \/><\/p>\n<p>El GrainPro\u00ae Cocoon Indoor es una alternativa de bajo costo que ofrece todos los beneficios del almacenamiento ultraherm\u00e9tico. Este equipo ha sido dise\u00f1ado para uso a corto plazo, pero puede reutilizarse siempre y cuando sus paredes y cierre herm\u00e9tico (zipper) permanezcan intactos y sin perforaciones.<\/p>\n<p>Fabricado con materiales livianos como el polietileno (PE), el GrainPro\u00ae Cocoon Indoor act\u00faa como una bolsa GrainPro\u00ae gigante, en la que los productos almacenados, bien sea en sacos, cajas, bolsas o Big Bags son colocados dentro a trav\u00e9s de la abertura superior y cuenta con un sistema de cierre herm\u00e9tico (zipper) de doble carril para mayor facilidad y comodidad al abrir y cerrarlo, de manera que no necesita precintos o abrazaderas.<\/p>\n<p>Las principales caracter\u00edsticas del GrainPro\u00ae Cocoon Indoor\u2122 son su hermeticidad, su material, que por ser tan liviano lo hace f\u00e1cil de manejar y operar y le permite crear y mantener un entorno con bajo nivel de O2 (ox\u00edgeno) durante largos per\u00edodos de tiempo. Este entorno (atm\u00f3sfera modificada), elimina los insectos de todo tipo mientras que evita el desarrollo de mohos y hongos. Los productos agr\u00edcolas secos como el caf\u00e9, pueden ser almacenados por largo tiempo sin correr el riesgo de absorci\u00f3n de humedad y oxidaci\u00f3n.<\/p>\n<table style=\"font-size: 85%;\" border=\"1\" summary=\"Tabla de especificaciones t\u00e9cnicas\" width=\"100%\" cellspacing=\"0\" cellpadding=\"0\">\n<caption>GrainPro\u00ae Cocoon Indoor<\/caption>\n<tbody>\n<tr>\n<th style=\"color: #000000;\" scope=\"col\" bgcolor=\"#f5a800\">Par\u00e1metros<\/th>\n<th style=\"color: #000000;\" scope=\"col\" bgcolor=\"#f5a800\">Especificaci\u00f3n<\/th>\n<\/tr>\n<tr style=\"color: #221f1f;\">\n<td><strong>Material<\/strong><\/td>\n<td>PE de alta resistencia con barrera<\/td>\n<\/tr>\n<tr style=\"color: #221f1f;\">\n<td><strong>Grosor, micrones<\/strong><\/td>\n<td>100 \u00b1 5%<\/td>\n<\/tr>\n<tr style=\"color: #221f1f;\">\n<td><strong>Color<\/strong><\/td>\n<td>Verde<\/td>\n<\/tr>\n<tr style=\"color: #221f1f;\">\n<td><strong>Material peso, g\/m2<\/strong><\/td>\n<td>97.5<\/td>\n<\/tr>\n<tr style=\"color: #221f1f;\">\n<td><strong>Velocidad de transmisi\u00f3n de ox\u00edgeno (OTR)\u00a0<\/strong><\/td>\n<td>\u2264 8 cm3\/m2\/d\u00eda 0.1 MPa<\/td>\n<\/tr>\n<tr style=\"color: #221f1f;\">\n<td><strong>Velocidad de transmisi\u00f3n de vapor de agua (WVTR)\u00a0<\/strong><\/td>\n<td>\u2264 2 g\/m2\/d\u00eda<\/td>\n<\/tr>\n<tr style=\"color: #221f1f;\">\n<td><strong>Vida \u00fatil del producto, a\u00f1os<\/strong><\/td>\n<td>2<\/td>\n<\/tr>\n<tr style=\"color: #221f1f;\">\n<td><strong>Mecanismo de sellado<\/strong><\/td>\n<td>Zipper de PE de doble carril<\/td>\n<\/tr>\n<\/tbody>\n<\/table>\n<p style=\"text-align: right;\">\n","protected":false},"excerpt":{"rendered":"<p>Una alternativa de bajo costo que ofrece todos los beneficios del almacenamiento ultraherm\u00e9tico.<\/p>\n<p>Dimensiones (l*a*h) en metros: 5,00*5,00*4,00 de altura.<\/p>\n<p>Peso (producto vac\u00edo) en Kg: 17,0Kg<\/p>\n","protected":false},"featured_media":815,"comment_status":"open","ping_status":"closed","template":"","meta":[],"product_cat":[25,44],"product_tag":[],"yoast_head":"<!-- This site is optimized with the Yoast SEO plugin v22.6 - https:\/\/yoast.com\/wordpress\/plugins\/seo\/ -->\n<title>GrainPro\u00ae Cocoon Indoor - Fibtex Per&uacute;<\/title>\n<meta name=\"robots\" content=\"index, follow, max-snippet:-1, max-image-preview:large, max-video-preview:-1\" \/>\n<link rel=\"canonical\" href=\"https:\/\/fibtex.co\/pe\/tienda\/grainpro-cocoon-indoor-100m\u00b3\/\" \/>\n<meta property=\"og:locale\" content=\"es_ES\" \/>\n<meta property=\"og:type\" content=\"article\" \/>\n<meta property=\"og:title\" content=\"GrainPro\u00ae Cocoon Indoor - Fibtex Per&uacute;\" \/>\n<meta property=\"og:description\" content=\"Una alternativa de bajo costo que ofrece todos los beneficios del almacenamiento ultraherm\u00e9tico.  Dimensiones (l*a*h) en metros: 5,00*5,00*4,00 de altura.  Peso (producto vac\u00edo) en Kg: 17,0Kg\" \/>\n<meta property=\"og:url\" content=\"https:\/\/fibtex.co\/pe\/tienda\/grainpro-cocoon-indoor-100m\u00b3\/\" \/>\n<meta property=\"og:site_name\" content=\"Fibtex Per&uacute;\" \/>\n<meta property=\"article:publisher\" content=\"https:\/\/www.facebook.com\/fibtexempaques\" \/>\n<meta property=\"article:modified_time\" content=\"2026-01-30T22:39:28+00:00\" \/>\n<meta property=\"og:image\" content=\"https:\/\/fibtex.co\/pe\/wp-content\/uploads\/2022\/11\/GrainPro-Cocoon-Indoor-100.png\" \/>\n\t<meta property=\"og:image:width\" content=\"1024\" \/>\n\t<meta property=\"og:image:height\" content=\"1024\" \/>\n\t<meta property=\"og:image:type\" content=\"image\/png\" \/>\n<meta name=\"twitter:card\" content=\"summary_large_image\" \/>\n<meta name=\"twitter:site\" content=\"@Fibtexempaques\" \/>\n<meta name=\"twitter:label1\" content=\"Est. reading time\" \/>\n\t<meta name=\"twitter:data1\" content=\"2 minutos\" \/>\n<script type=\"application\/ld+json\" class=\"yoast-schema-graph\">{\"@context\":\"https:\/\/schema.org\",\"@graph\":[{\"@type\":\"WebPage\",\"@id\":\"https:\/\/fibtex.co\/pe\/tienda\/grainpro-cocoon-indoor-100m%c2%b3\/\",\"url\":\"https:\/\/fibtex.co\/pe\/tienda\/grainpro-cocoon-indoor-100m%c2%b3\/\",\"name\":\"GrainPro\u00ae Cocoon Indoor - Fibtex Per&uacute;\",\"isPartOf\":{\"@id\":\"https:\/\/fibtex.co\/pe\/#website\"},\"primaryImageOfPage\":{\"@id\":\"https:\/\/fibtex.co\/pe\/tienda\/grainpro-cocoon-indoor-100m%c2%b3\/#primaryimage\"},\"image\":{\"@id\":\"https:\/\/fibtex.co\/pe\/tienda\/grainpro-cocoon-indoor-100m%c2%b3\/#primaryimage\"},\"thumbnailUrl\":\"https:\/\/fibtex.co\/pe\/wp-content\/uploads\/2022\/11\/GrainPro-Cocoon-Indoor-100.png\",\"datePublished\":\"2022-11-10T23:02:24+00:00\",\"dateModified\":\"2026-01-30T22:39:28+00:00\",\"breadcrumb\":{\"@id\":\"https:\/\/fibtex.co\/pe\/tienda\/grainpro-cocoon-indoor-100m%c2%b3\/#breadcrumb\"},\"inLanguage\":\"es\",\"potentialAction\":[{\"@type\":\"ReadAction\",\"target\":[\"https:\/\/fibtex.co\/pe\/tienda\/grainpro-cocoon-indoor-100m%c2%b3\/\"]}]},{\"@type\":\"ImageObject\",\"inLanguage\":\"es\",\"@id\":\"https:\/\/fibtex.co\/pe\/tienda\/grainpro-cocoon-indoor-100m%c2%b3\/#primaryimage\",\"url\":\"https:\/\/fibtex.co\/pe\/wp-content\/uploads\/2022\/11\/GrainPro-Cocoon-Indoor-100.png\",\"contentUrl\":\"https:\/\/fibtex.co\/pe\/wp-content\/uploads\/2022\/11\/GrainPro-Cocoon-Indoor-100.png\",\"width\":1024,\"height\":1024,\"caption\":\"GrainPro-Cocoon-Indoor-100\"},{\"@type\":\"BreadcrumbList\",\"@id\":\"https:\/\/fibtex.co\/pe\/tienda\/grainpro-cocoon-indoor-100m%c2%b3\/#breadcrumb\",\"itemListElement\":[{\"@type\":\"ListItem\",\"position\":1,\"name\":\"Inicio\",\"item\":\"https:\/\/fibtex.co\/pe\/\"},{\"@type\":\"ListItem\",\"position\":2,\"name\":\"Tienda\",\"item\":\"https:\/\/fibtex.co\/pe\/tienda\/\"},{\"@type\":\"ListItem\",\"position\":3,\"name\":\"GrainPro\u00ae Cocoon Indoor\"}]},{\"@type\":\"WebSite\",\"@id\":\"https:\/\/fibtex.co\/pe\/#website\",\"url\":\"https:\/\/fibtex.co\/pe\/\",\"name\":\"Fibtex Per\u00fa\",\"description\":\"Distribuidores Oficiales de GrainPro en Per&uacute;\",\"publisher\":{\"@id\":\"https:\/\/fibtex.co\/pe\/#organization\"},\"alternateName\":\"Fibtex\",\"potentialAction\":[{\"@type\":\"SearchAction\",\"target\":{\"@type\":\"EntryPoint\",\"urlTemplate\":\"https:\/\/fibtex.co\/pe\/?s={search_term_string}\"},\"query-input\":\"required name=search_term_string\"}],\"inLanguage\":\"es\"},{\"@type\":\"Organization\",\"@id\":\"https:\/\/fibtex.co\/pe\/#organization\",\"name\":\"Fibtex Per\u00fa\",\"alternateName\":\"Fibtex\",\"url\":\"https:\/\/fibtex.co\/pe\/\",\"logo\":{\"@type\":\"ImageObject\",\"inLanguage\":\"es\",\"@id\":\"https:\/\/fibtex.co\/pe\/#\/schema\/logo\/image\/\",\"url\":\"https:\/\/fibtex.co\/pe\/wp-content\/uploads\/2022\/11\/logos-04.png\",\"contentUrl\":\"https:\/\/fibtex.co\/pe\/wp-content\/uploads\/2022\/11\/logos-04.png\",\"width\":1459,\"height\":417,\"caption\":\"Fibtex Per\u00fa\"},\"image\":{\"@id\":\"https:\/\/fibtex.co\/pe\/#\/schema\/logo\/image\/\"},\"sameAs\":[\"https:\/\/www.facebook.com\/fibtexempaques\",\"https:\/\/x.com\/Fibtexempaques\",\"https:\/\/www.instagram.com\/fibtexempaques\/\",\"https:\/\/www.youtube.com\/c\/Fibtexempaques\",\"https:\/\/www.linkedin.com\/company\/fibtex\/\",\"https:\/\/www.tiktok.com\/@fibtexoficial?lang=es\"]}]}<\/script>\n<!-- \/ Yoast SEO plugin. -->","yoast_head_json":{"title":"GrainPro\u00ae Cocoon Indoor - Fibtex Per&uacute;","robots":{"index":"index","follow":"follow","max-snippet":"max-snippet:-1","max-image-preview":"max-image-preview:large","max-video-preview":"max-video-preview:-1"},"canonical":"https:\/\/fibtex.co\/pe\/tienda\/grainpro-cocoon-indoor-100m\u00b3\/","og_locale":"es_ES","og_type":"article","og_title":"GrainPro\u00ae Cocoon Indoor - Fibtex Per&uacute;","og_description":"Una alternativa de bajo costo que ofrece todos los beneficios del almacenamiento ultraherm\u00e9tico.  Dimensiones (l*a*h) en metros: 5,00*5,00*4,00 de altura.  Peso (producto vac\u00edo) en Kg: 17,0Kg","og_url":"https:\/\/fibtex.co\/pe\/tienda\/grainpro-cocoon-indoor-100m\u00b3\/","og_site_name":"Fibtex Per&uacute;","article_publisher":"https:\/\/www.facebook.com\/fibtexempaques","article_modified_time":"2026-01-30T22:39:28+00:00","og_image":[{"width":1024,"height":1024,"url":"https:\/\/fibtex.co\/pe\/wp-content\/uploads\/2022\/11\/GrainPro-Cocoon-Indoor-100.png","type":"image\/png"}],"twitter_card":"summary_large_image","twitter_site":"@Fibtexempaques","twitter_misc":{"Est. reading time":"2 minutos"},"schema":{"@context":"https:\/\/schema.org","@graph":[{"@type":"WebPage","@id":"https:\/\/fibtex.co\/pe\/tienda\/grainpro-cocoon-indoor-100m%c2%b3\/","url":"https:\/\/fibtex.co\/pe\/tienda\/grainpro-cocoon-indoor-100m%c2%b3\/","name":"GrainPro\u00ae Cocoon Indoor - Fibtex Per&uacute;","isPartOf":{"@id":"https:\/\/fibtex.co\/pe\/#website"},"primaryImageOfPage":{"@id":"https:\/\/fibtex.co\/pe\/tienda\/grainpro-cocoon-indoor-100m%c2%b3\/#primaryimage"},"image":{"@id":"https:\/\/fibtex.co\/pe\/tienda\/grainpro-cocoon-indoor-100m%c2%b3\/#primaryimage"},"thumbnailUrl":"https:\/\/fibtex.co\/pe\/wp-content\/uploads\/2022\/11\/GrainPro-Cocoon-Indoor-100.png","datePublished":"2022-11-10T23:02:24+00:00","dateModified":"2026-01-30T22:39:28+00:00","breadcrumb":{"@id":"https:\/\/fibtex.co\/pe\/tienda\/grainpro-cocoon-indoor-100m%c2%b3\/#breadcrumb"},"inLanguage":"es","potentialAction":[{"@type":"ReadAction","target":["https:\/\/fibtex.co\/pe\/tienda\/grainpro-cocoon-indoor-100m%c2%b3\/"]}]},{"@type":"ImageObject","inLanguage":"es","@id":"https:\/\/fibtex.co\/pe\/tienda\/grainpro-cocoon-indoor-100m%c2%b3\/#primaryimage","url":"https:\/\/fibtex.co\/pe\/wp-content\/uploads\/2022\/11\/GrainPro-Cocoon-Indoor-100.png","contentUrl":"https:\/\/fibtex.co\/pe\/wp-content\/uploads\/2022\/11\/GrainPro-Cocoon-Indoor-100.png","width":1024,"height":1024,"caption":"GrainPro-Cocoon-Indoor-100"},{"@type":"BreadcrumbList","@id":"https:\/\/fibtex.co\/pe\/tienda\/grainpro-cocoon-indoor-100m%c2%b3\/#breadcrumb","itemListElement":[{"@type":"ListItem","position":1,"name":"Inicio","item":"https:\/\/fibtex.co\/pe\/"},{"@type":"ListItem","position":2,"name":"Tienda","item":"https:\/\/fibtex.co\/pe\/tienda\/"},{"@type":"ListItem","position":3,"name":"GrainPro\u00ae Cocoon Indoor"}]},{"@type":"WebSite","@id":"https:\/\/fibtex.co\/pe\/#website","url":"https:\/\/fibtex.co\/pe\/","name":"Fibtex Per\u00fa","description":"Distribuidores Oficiales de GrainPro en Per&uacute;","publisher":{"@id":"https:\/\/fibtex.co\/pe\/#organization"},"alternateName":"Fibtex","potentialAction":[{"@type":"SearchAction","target":{"@type":"EntryPoint","urlTemplate":"https:\/\/fibtex.co\/pe\/?s={search_term_string}"},"query-input":"required name=search_term_string"}],"inLanguage":"es"},{"@type":"Organization","@id":"https:\/\/fibtex.co\/pe\/#organization","name":"Fibtex Per\u00fa","alternateName":"Fibtex","url":"https:\/\/fibtex.co\/pe\/","logo":{"@type":"ImageObject","inLanguage":"es","@id":"https:\/\/fibtex.co\/pe\/#\/schema\/logo\/image\/","url":"https:\/\/fibtex.co\/pe\/wp-content\/uploads\/2022\/11\/logos-04.png","contentUrl":"https:\/\/fibtex.co\/pe\/wp-content\/uploads\/2022\/11\/logos-04.png","width":1459,"height":417,"caption":"Fibtex Per\u00fa"},"image":{"@id":"https:\/\/fibtex.co\/pe\/#\/schema\/logo\/image\/"},"sameAs":["https:\/\/www.facebook.com\/fibtexempaques","https:\/\/x.com\/Fibtexempaques","https:\/\/www.instagram.com\/fibtexempaques\/","https:\/\/www.youtube.com\/c\/Fibtexempaques","https:\/\/www.linkedin.com\/company\/fibtex\/","https:\/\/www.tiktok.com\/@fibtexoficial?lang=es"]}]}},"_links":{"self":[{"href":"https:\/\/fibtex.co\/pe\/wp-json\/wp\/v2\/product\/267"}],"collection":[{"href":"https:\/\/fibtex.co\/pe\/wp-json\/wp\/v2\/product"}],"about":[{"href":"https:\/\/fibtex.co\/pe\/wp-json\/wp\/v2\/types\/product"}],"replies":[{"embeddable":true,"href":"https:\/\/fibtex.co\/pe\/wp-json\/wp\/v2\/comments?post=267"}],"wp:featuredmedia":[{"embeddable":true,"href":"https:\/\/fibtex.co\/pe\/wp-json\/wp\/v2\/media\/815"}],"wp:attachment":[{"href":"https:\/\/fibtex.co\/pe\/wp-json\/wp\/v2\/media?parent=267"}],"wp:term":[{"taxonomy":"product_cat","embeddable":true,"href":"https:\/\/fibtex.co\/pe\/wp-json\/wp\/v2\/product_cat?post=267"},{"taxonomy":"product_tag","embeddable":true,"href":"https:\/\/fibtex.co\/pe\/wp-json\/wp\/v2\/product_tag?post=267"}],"curies":[{"name":"wp","href":"https:\/\/api.w.org\/{rel}","templated":true}]}}