{"id":254,"date":"2022-11-10T18:02:22","date_gmt":"2022-11-10T23:02:22","guid":{"rendered":"https:\/\/fibtex.co\/pe\/?post_type=product&#038;p=254"},"modified":"2022-11-27T14:27:16","modified_gmt":"2022-11-27T19:27:16","slug":"grainpro-sample-bag","status":"publish","type":"product","link":"https:\/\/fibtex.co\/pe\/tienda\/grainpro-sample-bag\/","title":{"rendered":"GrainPro\u00ae Sample Bag"},"content":{"rendered":"<p><img fetchpriority=\"high\" decoding=\"async\" class=\"aligncenter wp-image-963 size-full\" src=\"https:\/\/www.fibtexcolombia.com\/wp-content\/uploads\/2021\/09\/GrainPro-Sample-Bag-diagrama.png\" alt=\"\" width=\"800\" height=\"400\" \/><\/p>\n<p>La bolsa para muestras GrainPro es una bolsa con cierre de cremallera con capacidad aproximada de 500 y 850 gramos para muestras de caf\u00e9 verde o tostado (puede variar seg\u00fan la variedad de caf\u00e9). Esta soluci\u00f3n Ultra-Hermetica\u2122 est\u00e1 hecha de PE de alta resistencia, contiene una barrera patentada impermeable a los gases y la humedad, que protege el caf\u00e9 y otros productos que requieran una muestra del ingreso de aire y humedad. Conserva la frescura y protege contra la infestaci\u00f3n de insectos.<\/p>\n<p>Est\u00e1 equipado con una cremallera herm\u00e9tica de un solo carril y tambi\u00e9n se puede sellar con soldadura de calor. Una muesca en la parte superior de la bolsa hace que sea seguro cortar a trav\u00e9s de la soldadura y tener un f\u00e1cil acceso al producto almacenado.<\/p>\n<p><strong>Ventajas<\/strong><\/p>\n<ul>\n<li>Impermeable al gas, a la humedad y reutilizable<\/li>\n<li>Protege contra el crecimiento de moho y la infestaci\u00f3n de insectos<\/li>\n<li>Conserva el sabor, el color y el aroma de los productos<\/li>\n<li>Mantiene la germinaci\u00f3n y el vigor de las semillas almacenadas<\/li>\n<li>Apto para el almacenamiento de productos org\u00e1nicos<\/li>\n<\/ul>\n<table style=\"font-size: 85%;\" border=\"1\" summary=\"Tabla de especificaciones t\u00e9cnicas\" width=\"100%\" cellspacing=\"0\" cellpadding=\"0\">\n<caption>GrainPro\u00ae Sample Bag<\/caption>\n<tbody>\n<tr>\n<th style=\"color: #000000;\" scope=\"col\" bgcolor=\"#f5a800\">Par\u00e1metros<\/th>\n<th style=\"color: #000000;\" scope=\"col\" bgcolor=\"#f5a800\">Especificaci\u00f3n<\/th>\n<\/tr>\n<tr>\n<td><strong>\u00a0Material<\/strong><\/td>\n<td>PE multicapa con capa barrera<\/td>\n<\/tr>\n<tr>\n<td><strong>Espesor\u00a0<\/strong><\/td>\n<td>90 micras \u00b1 5% um<\/td>\n<\/tr>\n<tr>\n<td><strong>Color<\/strong><\/td>\n<td>Blanco, Transparente<\/td>\n<\/tr>\n<tr>\n<td><strong>Peso del Material<\/strong><\/td>\n<td>0.08 gsm \u00b1 5%<\/td>\n<\/tr>\n<tr>\n<td><strong>Velocidad de transmisi\u00f3n de ox\u00edgeno<\/strong><\/td>\n<td>\u2264 5.0<\/td>\n<\/tr>\n<tr>\n<td><strong>Velocidad de transmisi\u00f3n de vapor de <\/strong><strong>agua<\/strong><\/td>\n<td>\u2264 5.0<\/td>\n<\/tr>\n<tr>\n<td><strong>Vida del producto<\/strong><\/td>\n<td>2 a\u00f1os<\/td>\n<\/tr>\n<tr>\n<td><strong>Garant\u00eda<\/strong><\/td>\n<td>1 a\u00f1o<\/td>\n<\/tr>\n<tr>\n<td><strong>Mecanismo de sellado<\/strong><\/td>\n<td>1-track Zipper<\/td>\n<\/tr>\n<tr>\n<td><strong>\u00a0Peso del producto (por pieza)<\/strong><\/td>\n<td>11 g (0.024 lbs) \u00b1 5%<\/td>\n<\/tr>\n<tr>\n<td><strong>\u00a0Dimensiones\u00a0<\/strong><\/td>\n<td>26 x 17 cm (10.2 x 6.7 inch)<\/td>\n<\/tr>\n<tr>\n<td><strong>\u00a0Capacidad (a base de caf\u00e9 verde)<\/strong><\/td>\n<td>.85 kg (1.87 lbs)<\/td>\n<\/tr>\n<tr>\n<td><strong>\u00a0Dimensiones del paquete, <\/strong><strong style=\"font-family: inherit; font-size: inherit;\">por 1000 piezas<\/strong><\/td>\n<td>56 x 40 x 14 cm (22 x 16 x 5.5 inch)<\/td>\n<\/tr>\n<tr>\n<td><strong>\u00a0Peso del paquete,\u00a0\u00a0por 1000 piezas<\/strong><\/td>\n<td>12 kg (26.5 lbs)<\/td>\n<\/tr>\n<\/tbody>\n<\/table>\n<p style=\"text-align: right;\">\n","protected":false},"excerpt":{"rendered":"<p>Una bolsa con cierre con una capacidad de aproximadamente hasta 850 y 500 gramos para muestras de caf\u00e9 verde o tostado.<\/p>\n","protected":false},"featured_media":793,"comment_status":"open","ping_status":"closed","template":"","meta":[],"product_cat":[25,44,43],"product_tag":[],"yoast_head":"<!-- This site is optimized with the Yoast SEO plugin v22.6 - https:\/\/yoast.com\/wordpress\/plugins\/seo\/ -->\n<title>GrainPro\u00ae Sample Bag - Fibtex Per&uacute;<\/title>\n<meta name=\"robots\" content=\"index, follow, max-snippet:-1, max-image-preview:large, max-video-preview:-1\" \/>\n<link rel=\"canonical\" href=\"https:\/\/fibtex.co\/pe\/tienda\/grainpro-sample-bag\/\" \/>\n<meta property=\"og:locale\" content=\"es_ES\" \/>\n<meta property=\"og:type\" content=\"article\" \/>\n<meta property=\"og:title\" content=\"GrainPro\u00ae Sample Bag - Fibtex Per&uacute;\" \/>\n<meta property=\"og:description\" content=\"Una bolsa con cierre con una capacidad de aproximadamente hasta 850 y 500 gramos para muestras de caf\u00e9 verde o tostado.\" \/>\n<meta property=\"og:url\" content=\"https:\/\/fibtex.co\/pe\/tienda\/grainpro-sample-bag\/\" \/>\n<meta property=\"og:site_name\" content=\"Fibtex Per&uacute;\" \/>\n<meta property=\"article:publisher\" content=\"https:\/\/www.facebook.com\/fibtexempaques\" \/>\n<meta property=\"article:modified_time\" content=\"2022-11-27T19:27:16+00:00\" \/>\n<meta property=\"og:image\" content=\"https:\/\/fibtex.co\/pe\/wp-content\/uploads\/2022\/11\/GrainPro-Sample-Bag-1.png\" \/>\n\t<meta property=\"og:image:width\" content=\"1024\" \/>\n\t<meta property=\"og:image:height\" content=\"1024\" \/>\n\t<meta property=\"og:image:type\" content=\"image\/png\" \/>\n<meta name=\"twitter:card\" content=\"summary_large_image\" \/>\n<meta name=\"twitter:site\" content=\"@Fibtexempaques\" \/>\n<meta name=\"twitter:label1\" content=\"Est. reading time\" \/>\n\t<meta name=\"twitter:data1\" content=\"1 minuto\" \/>\n<script type=\"application\/ld+json\" class=\"yoast-schema-graph\">{\"@context\":\"https:\/\/schema.org\",\"@graph\":[{\"@type\":\"WebPage\",\"@id\":\"https:\/\/fibtex.co\/pe\/tienda\/grainpro-sample-bag\/\",\"url\":\"https:\/\/fibtex.co\/pe\/tienda\/grainpro-sample-bag\/\",\"name\":\"GrainPro\u00ae Sample Bag - Fibtex Per&uacute;\",\"isPartOf\":{\"@id\":\"https:\/\/fibtex.co\/pe\/#website\"},\"primaryImageOfPage\":{\"@id\":\"https:\/\/fibtex.co\/pe\/tienda\/grainpro-sample-bag\/#primaryimage\"},\"image\":{\"@id\":\"https:\/\/fibtex.co\/pe\/tienda\/grainpro-sample-bag\/#primaryimage\"},\"thumbnailUrl\":\"https:\/\/fibtex.co\/pe\/wp-content\/uploads\/2022\/11\/GrainPro-Sample-Bag-1.png\",\"datePublished\":\"2022-11-10T23:02:22+00:00\",\"dateModified\":\"2022-11-27T19:27:16+00:00\",\"breadcrumb\":{\"@id\":\"https:\/\/fibtex.co\/pe\/tienda\/grainpro-sample-bag\/#breadcrumb\"},\"inLanguage\":\"es\",\"potentialAction\":[{\"@type\":\"ReadAction\",\"target\":[\"https:\/\/fibtex.co\/pe\/tienda\/grainpro-sample-bag\/\"]}]},{\"@type\":\"ImageObject\",\"inLanguage\":\"es\",\"@id\":\"https:\/\/fibtex.co\/pe\/tienda\/grainpro-sample-bag\/#primaryimage\",\"url\":\"https:\/\/fibtex.co\/pe\/wp-content\/uploads\/2022\/11\/GrainPro-Sample-Bag-1.png\",\"contentUrl\":\"https:\/\/fibtex.co\/pe\/wp-content\/uploads\/2022\/11\/GrainPro-Sample-Bag-1.png\",\"width\":1024,\"height\":1024,\"caption\":\"GrainPro-Sample-Bag\"},{\"@type\":\"BreadcrumbList\",\"@id\":\"https:\/\/fibtex.co\/pe\/tienda\/grainpro-sample-bag\/#breadcrumb\",\"itemListElement\":[{\"@type\":\"ListItem\",\"position\":1,\"name\":\"Inicio\",\"item\":\"https:\/\/fibtex.co\/pe\/\"},{\"@type\":\"ListItem\",\"position\":2,\"name\":\"Tienda\",\"item\":\"https:\/\/fibtex.co\/pe\/tienda\/\"},{\"@type\":\"ListItem\",\"position\":3,\"name\":\"GrainPro\u00ae Sample Bag\"}]},{\"@type\":\"WebSite\",\"@id\":\"https:\/\/fibtex.co\/pe\/#website\",\"url\":\"https:\/\/fibtex.co\/pe\/\",\"name\":\"Fibtex Per\u00fa\",\"description\":\"Distribuidores Oficiales de GrainPro en Per&uacute;\",\"publisher\":{\"@id\":\"https:\/\/fibtex.co\/pe\/#organization\"},\"alternateName\":\"Fibtex\",\"potentialAction\":[{\"@type\":\"SearchAction\",\"target\":{\"@type\":\"EntryPoint\",\"urlTemplate\":\"https:\/\/fibtex.co\/pe\/?s={search_term_string}\"},\"query-input\":\"required name=search_term_string\"}],\"inLanguage\":\"es\"},{\"@type\":\"Organization\",\"@id\":\"https:\/\/fibtex.co\/pe\/#organization\",\"name\":\"Fibtex Per\u00fa\",\"alternateName\":\"Fibtex\",\"url\":\"https:\/\/fibtex.co\/pe\/\",\"logo\":{\"@type\":\"ImageObject\",\"inLanguage\":\"es\",\"@id\":\"https:\/\/fibtex.co\/pe\/#\/schema\/logo\/image\/\",\"url\":\"https:\/\/fibtex.co\/pe\/wp-content\/uploads\/2022\/11\/logos-04.png\",\"contentUrl\":\"https:\/\/fibtex.co\/pe\/wp-content\/uploads\/2022\/11\/logos-04.png\",\"width\":1459,\"height\":417,\"caption\":\"Fibtex Per\u00fa\"},\"image\":{\"@id\":\"https:\/\/fibtex.co\/pe\/#\/schema\/logo\/image\/\"},\"sameAs\":[\"https:\/\/www.facebook.com\/fibtexempaques\",\"https:\/\/x.com\/Fibtexempaques\",\"https:\/\/www.instagram.com\/fibtexempaques\/\",\"https:\/\/www.youtube.com\/c\/Fibtexempaques\",\"https:\/\/www.linkedin.com\/company\/fibtex\/\",\"https:\/\/www.tiktok.com\/@fibtexoficial?lang=es\"]}]}<\/script>\n<!-- \/ Yoast SEO plugin. -->","yoast_head_json":{"title":"GrainPro\u00ae Sample Bag - Fibtex Per&uacute;","robots":{"index":"index","follow":"follow","max-snippet":"max-snippet:-1","max-image-preview":"max-image-preview:large","max-video-preview":"max-video-preview:-1"},"canonical":"https:\/\/fibtex.co\/pe\/tienda\/grainpro-sample-bag\/","og_locale":"es_ES","og_type":"article","og_title":"GrainPro\u00ae Sample Bag - Fibtex Per&uacute;","og_description":"Una bolsa con cierre con una capacidad de aproximadamente hasta 850 y 500 gramos para muestras de caf\u00e9 verde o tostado.","og_url":"https:\/\/fibtex.co\/pe\/tienda\/grainpro-sample-bag\/","og_site_name":"Fibtex Per&uacute;","article_publisher":"https:\/\/www.facebook.com\/fibtexempaques","article_modified_time":"2022-11-27T19:27:16+00:00","og_image":[{"width":1024,"height":1024,"url":"https:\/\/fibtex.co\/pe\/wp-content\/uploads\/2022\/11\/GrainPro-Sample-Bag-1.png","type":"image\/png"}],"twitter_card":"summary_large_image","twitter_site":"@Fibtexempaques","twitter_misc":{"Est. reading time":"1 minuto"},"schema":{"@context":"https:\/\/schema.org","@graph":[{"@type":"WebPage","@id":"https:\/\/fibtex.co\/pe\/tienda\/grainpro-sample-bag\/","url":"https:\/\/fibtex.co\/pe\/tienda\/grainpro-sample-bag\/","name":"GrainPro\u00ae Sample Bag - Fibtex Per&uacute;","isPartOf":{"@id":"https:\/\/fibtex.co\/pe\/#website"},"primaryImageOfPage":{"@id":"https:\/\/fibtex.co\/pe\/tienda\/grainpro-sample-bag\/#primaryimage"},"image":{"@id":"https:\/\/fibtex.co\/pe\/tienda\/grainpro-sample-bag\/#primaryimage"},"thumbnailUrl":"https:\/\/fibtex.co\/pe\/wp-content\/uploads\/2022\/11\/GrainPro-Sample-Bag-1.png","datePublished":"2022-11-10T23:02:22+00:00","dateModified":"2022-11-27T19:27:16+00:00","breadcrumb":{"@id":"https:\/\/fibtex.co\/pe\/tienda\/grainpro-sample-bag\/#breadcrumb"},"inLanguage":"es","potentialAction":[{"@type":"ReadAction","target":["https:\/\/fibtex.co\/pe\/tienda\/grainpro-sample-bag\/"]}]},{"@type":"ImageObject","inLanguage":"es","@id":"https:\/\/fibtex.co\/pe\/tienda\/grainpro-sample-bag\/#primaryimage","url":"https:\/\/fibtex.co\/pe\/wp-content\/uploads\/2022\/11\/GrainPro-Sample-Bag-1.png","contentUrl":"https:\/\/fibtex.co\/pe\/wp-content\/uploads\/2022\/11\/GrainPro-Sample-Bag-1.png","width":1024,"height":1024,"caption":"GrainPro-Sample-Bag"},{"@type":"BreadcrumbList","@id":"https:\/\/fibtex.co\/pe\/tienda\/grainpro-sample-bag\/#breadcrumb","itemListElement":[{"@type":"ListItem","position":1,"name":"Inicio","item":"https:\/\/fibtex.co\/pe\/"},{"@type":"ListItem","position":2,"name":"Tienda","item":"https:\/\/fibtex.co\/pe\/tienda\/"},{"@type":"ListItem","position":3,"name":"GrainPro\u00ae Sample Bag"}]},{"@type":"WebSite","@id":"https:\/\/fibtex.co\/pe\/#website","url":"https:\/\/fibtex.co\/pe\/","name":"Fibtex Per\u00fa","description":"Distribuidores Oficiales de GrainPro en Per&uacute;","publisher":{"@id":"https:\/\/fibtex.co\/pe\/#organization"},"alternateName":"Fibtex","potentialAction":[{"@type":"SearchAction","target":{"@type":"EntryPoint","urlTemplate":"https:\/\/fibtex.co\/pe\/?s={search_term_string}"},"query-input":"required name=search_term_string"}],"inLanguage":"es"},{"@type":"Organization","@id":"https:\/\/fibtex.co\/pe\/#organization","name":"Fibtex Per\u00fa","alternateName":"Fibtex","url":"https:\/\/fibtex.co\/pe\/","logo":{"@type":"ImageObject","inLanguage":"es","@id":"https:\/\/fibtex.co\/pe\/#\/schema\/logo\/image\/","url":"https:\/\/fibtex.co\/pe\/wp-content\/uploads\/2022\/11\/logos-04.png","contentUrl":"https:\/\/fibtex.co\/pe\/wp-content\/uploads\/2022\/11\/logos-04.png","width":1459,"height":417,"caption":"Fibtex Per\u00fa"},"image":{"@id":"https:\/\/fibtex.co\/pe\/#\/schema\/logo\/image\/"},"sameAs":["https:\/\/www.facebook.com\/fibtexempaques","https:\/\/x.com\/Fibtexempaques","https:\/\/www.instagram.com\/fibtexempaques\/","https:\/\/www.youtube.com\/c\/Fibtexempaques","https:\/\/www.linkedin.com\/company\/fibtex\/","https:\/\/www.tiktok.com\/@fibtexoficial?lang=es"]}]}},"_links":{"self":[{"href":"https:\/\/fibtex.co\/pe\/wp-json\/wp\/v2\/product\/254"}],"collection":[{"href":"https:\/\/fibtex.co\/pe\/wp-json\/wp\/v2\/product"}],"about":[{"href":"https:\/\/fibtex.co\/pe\/wp-json\/wp\/v2\/types\/product"}],"replies":[{"embeddable":true,"href":"https:\/\/fibtex.co\/pe\/wp-json\/wp\/v2\/comments?post=254"}],"wp:featuredmedia":[{"embeddable":true,"href":"https:\/\/fibtex.co\/pe\/wp-json\/wp\/v2\/media\/793"}],"wp:attachment":[{"href":"https:\/\/fibtex.co\/pe\/wp-json\/wp\/v2\/media?parent=254"}],"wp:term":[{"taxonomy":"product_cat","embeddable":true,"href":"https:\/\/fibtex.co\/pe\/wp-json\/wp\/v2\/product_cat?post=254"},{"taxonomy":"product_tag","embeddable":true,"href":"https:\/\/fibtex.co\/pe\/wp-json\/wp\/v2\/product_tag?post=254"}],"curies":[{"name":"wp","href":"https:\/\/api.w.org\/{rel}","templated":true}]}}