{"id":253,"date":"2022-11-10T18:02:22","date_gmt":"2022-11-10T23:02:22","guid":{"rendered":"https:\/\/fibtex.co\/pe\/?post_type=product&#038;p=253"},"modified":"2023-07-03T15:53:36","modified_gmt":"2023-07-03T20:53:36","slug":"grainpro-bag-twist-tie-rt-69","status":"publish","type":"product","link":"https:\/\/fibtex.co\/pe\/tienda\/grainpro-bag-twist-tie-rt-69\/","title":{"rendered":"GrainPro\u00ae Bag Twist &#038; Tie RT-69"},"content":{"rendered":"<p>&nbsp;<\/p>\n<p>GrainPro Bag con precinto es su principal soluci\u00f3n UltraHermetica\u2122 para el almacenamiento seguro de productos agr\u00edcolas secos. Hecho de PE de alta resistencia contiene una barrera patentada impermeable a los gases y la humedad, est\u00e1 dise\u00f1ada para preservar de forma segura los productos agr\u00edcolas sin la necesidad de fumigantes qu\u00edmicos.<\/p>\n<p>La bolsa GrainPro Bag con precinto debe ser usada como forro interior para bolsas de yute, fique y bolsas de polipropileno. Debe ser cerrada con los dos precintos que traen de f\u00e1brica. Los productos pueden almacenarse durante m\u00e1s de un a\u00f1o sin riesgo de entrada de humedad. Detiene la infestaci\u00f3n de insectos e inhibe el crecimiento de contaminantes f\u00fangicos sin afectar el aroma, el color y la frescura. Tambi\u00e9n conserva la tasa de germinaci\u00f3n de las semillas almacenadas<\/p>\n<p><strong>Ventajas<\/strong><\/p>\n<ul>\n<li>Port\u00e1til, herm\u00e9tico, impermeable y reutilizable<\/li>\n<li>500 veces m\u00e1s herm\u00e9tico que los pl\u00e1sticos normales<\/li>\n<li>Protege contra el crecimiento de moho y la infestaci\u00f3n de insectos<\/li>\n<li>Conserva el sabor, el color y el aroma<\/li>\n<li>Mantiene la germinaci\u00f3n y el vigor de las semillas almacenadas<\/li>\n<li>Almacenamiento est\u00e1ndar mundialmente famoso para caf\u00e9, cacao y semillas<\/li>\n<li>Conserva la calidad durante un largo per\u00edodo de almacenamiento (aproximadamente 1 a\u00f1o)<\/li>\n<li>Apto para el almacenamiento de productos org\u00e1nicos<\/li>\n<\/ul>\n<table style=\"font-size: 85%;\" border=\"1\" summary=\"Tabla de especificaciones t\u00e9cnicas\" width=\"100%\" cellspacing=\"0\" cellpadding=\"0\">\n<caption>SuperGrainbag\u00ae Premium RT<\/caption>\n<tbody>\n<tr>\n<th style=\"color: #000000;\" scope=\"col\" bgcolor=\"#f5a800\">Par\u00e1metros<\/th>\n<th style=\"color: #000000;\" scope=\"col\" bgcolor=\"#f5a800\">Especificaci\u00f3n<\/th>\n<\/tr>\n<tr style=\"color: #221f1f;\">\n<td><strong>Material<\/strong><\/td>\n<td>PE de alta resistencia con barrera<\/td>\n<\/tr>\n<tr style=\"color: #221f1f;\">\n<td><strong>Grosor, micrones<\/strong><\/td>\n<td>78 \u00b1 10%<\/td>\n<\/tr>\n<tr style=\"color: #221f1f;\">\n<td><strong>Color<\/strong><\/td>\n<td>Verde<\/td>\n<\/tr>\n<tr style=\"color: #221f1f;\">\n<td><strong>Material peso, g\/m2<\/strong><\/td>\n<td>\u00a073 \u00b1 10%<\/td>\n<\/tr>\n<tr style=\"color: #221f1f;\">\n<td><strong>Velocidad de transmisi\u00f3n de ox\u00edgeno (OTR)\u00a0<\/strong><\/td>\n<td>\u2264 4 cc\/m2\/d\u00eda 0.1 MPa<\/td>\n<\/tr>\n<tr style=\"color: #221f1f;\">\n<td><strong>Velocidad de transmisi\u00f3n de vapor de agua (WVTR)\u00a0<\/strong><\/td>\n<td>\u2264 5 g\/m2\/d\u00eda<\/td>\n<\/tr>\n<tr style=\"color: #221f1f;\">\n<td><strong>Vida \u00fatil del producto, a\u00f1os<\/strong><\/td>\n<td>2<\/td>\n<\/tr>\n<tr style=\"color: #221f1f;\">\n<td><strong>Sistema de Cierre<\/strong><\/td>\n<td>Precinto \/ Twist &amp; Tie<\/td>\n<\/tr>\n<tr style=\"color: #221f1f;\">\n<td><strong>Dimensiones<\/strong><\/td>\n<td>75 x 130 cm. \/ 30 x 51 pulg.<\/td>\n<\/tr>\n<tr style=\"color: #221f1f;\">\n<td><strong>Peso unitario<\/strong><\/td>\n<td>155 gr. \u00b1 10%<\/td>\n<\/tr>\n<\/tbody>\n<\/table>\n<p style=\"text-align: right;\">\n","protected":false},"excerpt":{"rendered":"<p>Las SuperGrainbag\u00ae Premium RT es la soluci\u00f3n Ultraherm\u00e9tica para el almacenamiento seguro de productos agr\u00edcolas secos. Hechas de polietileno (PE) de alta resistencia y con excelentes propiedades de barrera contra la humedad y los gases, preservan de forma segura los productos agr\u00edcolas.<\/p>\n","protected":false},"featured_media":791,"comment_status":"open","ping_status":"closed","template":"","meta":[],"product_cat":[25,44,43],"product_tag":[],"yoast_head":"<!-- This site is optimized with the Yoast SEO plugin v22.6 - https:\/\/yoast.com\/wordpress\/plugins\/seo\/ -->\n<title>GrainPro\u00ae Bag Twist &amp; Tie RT-69 - Fibtex Per&uacute;<\/title>\n<meta name=\"robots\" content=\"index, follow, max-snippet:-1, max-image-preview:large, max-video-preview:-1\" \/>\n<link rel=\"canonical\" href=\"https:\/\/fibtex.co\/pe\/tienda\/grainpro-bag-twist-tie-rt-69\/\" \/>\n<meta property=\"og:locale\" content=\"es_ES\" \/>\n<meta property=\"og:type\" content=\"article\" \/>\n<meta property=\"og:title\" content=\"GrainPro\u00ae Bag Twist &amp; Tie RT-69 - Fibtex Per&uacute;\" \/>\n<meta property=\"og:description\" content=\"Las SuperGrainbag\u00ae Premium RT es la soluci\u00f3n Ultraherm\u00e9tica para el almacenamiento seguro de productos agr\u00edcolas secos. Hechas de polietileno (PE) de alta resistencia y con excelentes propiedades de barrera contra la humedad y los gases, preservan de forma segura los productos agr\u00edcolas.\" \/>\n<meta property=\"og:url\" content=\"https:\/\/fibtex.co\/pe\/tienda\/grainpro-bag-twist-tie-rt-69\/\" \/>\n<meta property=\"og:site_name\" content=\"Fibtex Per&uacute;\" \/>\n<meta property=\"article:publisher\" content=\"https:\/\/www.facebook.com\/fibtexempaques\" \/>\n<meta property=\"article:modified_time\" content=\"2023-07-03T20:53:36+00:00\" \/>\n<meta property=\"og:image\" content=\"https:\/\/fibtex.co\/pe\/wp-content\/uploads\/2022\/11\/GrainPro-Twist-Tie-75x130-1.png\" \/>\n\t<meta property=\"og:image:width\" content=\"1024\" \/>\n\t<meta property=\"og:image:height\" content=\"1024\" \/>\n\t<meta property=\"og:image:type\" content=\"image\/png\" \/>\n<meta name=\"twitter:card\" content=\"summary_large_image\" \/>\n<meta name=\"twitter:site\" content=\"@Fibtexempaques\" \/>\n<meta name=\"twitter:label1\" content=\"Est. reading time\" \/>\n\t<meta name=\"twitter:data1\" content=\"2 minutos\" \/>\n<script type=\"application\/ld+json\" class=\"yoast-schema-graph\">{\"@context\":\"https:\/\/schema.org\",\"@graph\":[{\"@type\":\"WebPage\",\"@id\":\"https:\/\/fibtex.co\/pe\/tienda\/grainpro-bag-twist-tie-rt-69\/\",\"url\":\"https:\/\/fibtex.co\/pe\/tienda\/grainpro-bag-twist-tie-rt-69\/\",\"name\":\"GrainPro\u00ae Bag Twist & Tie RT-69 - Fibtex Per&uacute;\",\"isPartOf\":{\"@id\":\"https:\/\/fibtex.co\/pe\/#website\"},\"primaryImageOfPage\":{\"@id\":\"https:\/\/fibtex.co\/pe\/tienda\/grainpro-bag-twist-tie-rt-69\/#primaryimage\"},\"image\":{\"@id\":\"https:\/\/fibtex.co\/pe\/tienda\/grainpro-bag-twist-tie-rt-69\/#primaryimage\"},\"thumbnailUrl\":\"https:\/\/fibtex.co\/pe\/wp-content\/uploads\/2022\/11\/GrainPro-Twist-Tie-75x130-1.png\",\"datePublished\":\"2022-11-10T23:02:22+00:00\",\"dateModified\":\"2023-07-03T20:53:36+00:00\",\"breadcrumb\":{\"@id\":\"https:\/\/fibtex.co\/pe\/tienda\/grainpro-bag-twist-tie-rt-69\/#breadcrumb\"},\"inLanguage\":\"es\",\"potentialAction\":[{\"@type\":\"ReadAction\",\"target\":[\"https:\/\/fibtex.co\/pe\/tienda\/grainpro-bag-twist-tie-rt-69\/\"]}]},{\"@type\":\"ImageObject\",\"inLanguage\":\"es\",\"@id\":\"https:\/\/fibtex.co\/pe\/tienda\/grainpro-bag-twist-tie-rt-69\/#primaryimage\",\"url\":\"https:\/\/fibtex.co\/pe\/wp-content\/uploads\/2022\/11\/GrainPro-Twist-Tie-75x130-1.png\",\"contentUrl\":\"https:\/\/fibtex.co\/pe\/wp-content\/uploads\/2022\/11\/GrainPro-Twist-Tie-75x130-1.png\",\"width\":1024,\"height\":1024,\"caption\":\"GrainPro-Twist-Tie-75x130\"},{\"@type\":\"BreadcrumbList\",\"@id\":\"https:\/\/fibtex.co\/pe\/tienda\/grainpro-bag-twist-tie-rt-69\/#breadcrumb\",\"itemListElement\":[{\"@type\":\"ListItem\",\"position\":1,\"name\":\"Inicio\",\"item\":\"https:\/\/fibtex.co\/pe\/\"},{\"@type\":\"ListItem\",\"position\":2,\"name\":\"Tienda\",\"item\":\"https:\/\/fibtex.co\/pe\/tienda\/\"},{\"@type\":\"ListItem\",\"position\":3,\"name\":\"GrainPro\u00ae Bag Twist &#038; Tie RT-69\"}]},{\"@type\":\"WebSite\",\"@id\":\"https:\/\/fibtex.co\/pe\/#website\",\"url\":\"https:\/\/fibtex.co\/pe\/\",\"name\":\"Fibtex Per\u00fa\",\"description\":\"Distribuidores Oficiales de GrainPro en Per&uacute;\",\"publisher\":{\"@id\":\"https:\/\/fibtex.co\/pe\/#organization\"},\"alternateName\":\"Fibtex\",\"potentialAction\":[{\"@type\":\"SearchAction\",\"target\":{\"@type\":\"EntryPoint\",\"urlTemplate\":\"https:\/\/fibtex.co\/pe\/?s={search_term_string}\"},\"query-input\":\"required name=search_term_string\"}],\"inLanguage\":\"es\"},{\"@type\":\"Organization\",\"@id\":\"https:\/\/fibtex.co\/pe\/#organization\",\"name\":\"Fibtex Per\u00fa\",\"alternateName\":\"Fibtex\",\"url\":\"https:\/\/fibtex.co\/pe\/\",\"logo\":{\"@type\":\"ImageObject\",\"inLanguage\":\"es\",\"@id\":\"https:\/\/fibtex.co\/pe\/#\/schema\/logo\/image\/\",\"url\":\"https:\/\/fibtex.co\/pe\/wp-content\/uploads\/2022\/11\/logos-04.png\",\"contentUrl\":\"https:\/\/fibtex.co\/pe\/wp-content\/uploads\/2022\/11\/logos-04.png\",\"width\":1459,\"height\":417,\"caption\":\"Fibtex Per\u00fa\"},\"image\":{\"@id\":\"https:\/\/fibtex.co\/pe\/#\/schema\/logo\/image\/\"},\"sameAs\":[\"https:\/\/www.facebook.com\/fibtexempaques\",\"https:\/\/x.com\/Fibtexempaques\",\"https:\/\/www.instagram.com\/fibtexempaques\/\",\"https:\/\/www.youtube.com\/c\/Fibtexempaques\",\"https:\/\/www.linkedin.com\/company\/fibtex\/\",\"https:\/\/www.tiktok.com\/@fibtexoficial?lang=es\"]}]}<\/script>\n<!-- \/ Yoast SEO plugin. -->","yoast_head_json":{"title":"GrainPro\u00ae Bag Twist & Tie RT-69 - Fibtex Per&uacute;","robots":{"index":"index","follow":"follow","max-snippet":"max-snippet:-1","max-image-preview":"max-image-preview:large","max-video-preview":"max-video-preview:-1"},"canonical":"https:\/\/fibtex.co\/pe\/tienda\/grainpro-bag-twist-tie-rt-69\/","og_locale":"es_ES","og_type":"article","og_title":"GrainPro\u00ae Bag Twist & Tie RT-69 - Fibtex Per&uacute;","og_description":"Las SuperGrainbag\u00ae Premium RT es la soluci\u00f3n Ultraherm\u00e9tica para el almacenamiento seguro de productos agr\u00edcolas secos. Hechas de polietileno (PE) de alta resistencia y con excelentes propiedades de barrera contra la humedad y los gases, preservan de forma segura los productos agr\u00edcolas.","og_url":"https:\/\/fibtex.co\/pe\/tienda\/grainpro-bag-twist-tie-rt-69\/","og_site_name":"Fibtex Per&uacute;","article_publisher":"https:\/\/www.facebook.com\/fibtexempaques","article_modified_time":"2023-07-03T20:53:36+00:00","og_image":[{"width":1024,"height":1024,"url":"https:\/\/fibtex.co\/pe\/wp-content\/uploads\/2022\/11\/GrainPro-Twist-Tie-75x130-1.png","type":"image\/png"}],"twitter_card":"summary_large_image","twitter_site":"@Fibtexempaques","twitter_misc":{"Est. reading time":"2 minutos"},"schema":{"@context":"https:\/\/schema.org","@graph":[{"@type":"WebPage","@id":"https:\/\/fibtex.co\/pe\/tienda\/grainpro-bag-twist-tie-rt-69\/","url":"https:\/\/fibtex.co\/pe\/tienda\/grainpro-bag-twist-tie-rt-69\/","name":"GrainPro\u00ae Bag Twist & Tie RT-69 - Fibtex Per&uacute;","isPartOf":{"@id":"https:\/\/fibtex.co\/pe\/#website"},"primaryImageOfPage":{"@id":"https:\/\/fibtex.co\/pe\/tienda\/grainpro-bag-twist-tie-rt-69\/#primaryimage"},"image":{"@id":"https:\/\/fibtex.co\/pe\/tienda\/grainpro-bag-twist-tie-rt-69\/#primaryimage"},"thumbnailUrl":"https:\/\/fibtex.co\/pe\/wp-content\/uploads\/2022\/11\/GrainPro-Twist-Tie-75x130-1.png","datePublished":"2022-11-10T23:02:22+00:00","dateModified":"2023-07-03T20:53:36+00:00","breadcrumb":{"@id":"https:\/\/fibtex.co\/pe\/tienda\/grainpro-bag-twist-tie-rt-69\/#breadcrumb"},"inLanguage":"es","potentialAction":[{"@type":"ReadAction","target":["https:\/\/fibtex.co\/pe\/tienda\/grainpro-bag-twist-tie-rt-69\/"]}]},{"@type":"ImageObject","inLanguage":"es","@id":"https:\/\/fibtex.co\/pe\/tienda\/grainpro-bag-twist-tie-rt-69\/#primaryimage","url":"https:\/\/fibtex.co\/pe\/wp-content\/uploads\/2022\/11\/GrainPro-Twist-Tie-75x130-1.png","contentUrl":"https:\/\/fibtex.co\/pe\/wp-content\/uploads\/2022\/11\/GrainPro-Twist-Tie-75x130-1.png","width":1024,"height":1024,"caption":"GrainPro-Twist-Tie-75x130"},{"@type":"BreadcrumbList","@id":"https:\/\/fibtex.co\/pe\/tienda\/grainpro-bag-twist-tie-rt-69\/#breadcrumb","itemListElement":[{"@type":"ListItem","position":1,"name":"Inicio","item":"https:\/\/fibtex.co\/pe\/"},{"@type":"ListItem","position":2,"name":"Tienda","item":"https:\/\/fibtex.co\/pe\/tienda\/"},{"@type":"ListItem","position":3,"name":"GrainPro\u00ae Bag Twist &#038; Tie RT-69"}]},{"@type":"WebSite","@id":"https:\/\/fibtex.co\/pe\/#website","url":"https:\/\/fibtex.co\/pe\/","name":"Fibtex Per\u00fa","description":"Distribuidores Oficiales de GrainPro en Per&uacute;","publisher":{"@id":"https:\/\/fibtex.co\/pe\/#organization"},"alternateName":"Fibtex","potentialAction":[{"@type":"SearchAction","target":{"@type":"EntryPoint","urlTemplate":"https:\/\/fibtex.co\/pe\/?s={search_term_string}"},"query-input":"required name=search_term_string"}],"inLanguage":"es"},{"@type":"Organization","@id":"https:\/\/fibtex.co\/pe\/#organization","name":"Fibtex Per\u00fa","alternateName":"Fibtex","url":"https:\/\/fibtex.co\/pe\/","logo":{"@type":"ImageObject","inLanguage":"es","@id":"https:\/\/fibtex.co\/pe\/#\/schema\/logo\/image\/","url":"https:\/\/fibtex.co\/pe\/wp-content\/uploads\/2022\/11\/logos-04.png","contentUrl":"https:\/\/fibtex.co\/pe\/wp-content\/uploads\/2022\/11\/logos-04.png","width":1459,"height":417,"caption":"Fibtex Per\u00fa"},"image":{"@id":"https:\/\/fibtex.co\/pe\/#\/schema\/logo\/image\/"},"sameAs":["https:\/\/www.facebook.com\/fibtexempaques","https:\/\/x.com\/Fibtexempaques","https:\/\/www.instagram.com\/fibtexempaques\/","https:\/\/www.youtube.com\/c\/Fibtexempaques","https:\/\/www.linkedin.com\/company\/fibtex\/","https:\/\/www.tiktok.com\/@fibtexoficial?lang=es"]}]}},"_links":{"self":[{"href":"https:\/\/fibtex.co\/pe\/wp-json\/wp\/v2\/product\/253"}],"collection":[{"href":"https:\/\/fibtex.co\/pe\/wp-json\/wp\/v2\/product"}],"about":[{"href":"https:\/\/fibtex.co\/pe\/wp-json\/wp\/v2\/types\/product"}],"replies":[{"embeddable":true,"href":"https:\/\/fibtex.co\/pe\/wp-json\/wp\/v2\/comments?post=253"}],"wp:featuredmedia":[{"embeddable":true,"href":"https:\/\/fibtex.co\/pe\/wp-json\/wp\/v2\/media\/791"}],"wp:attachment":[{"href":"https:\/\/fibtex.co\/pe\/wp-json\/wp\/v2\/media?parent=253"}],"wp:term":[{"taxonomy":"product_cat","embeddable":true,"href":"https:\/\/fibtex.co\/pe\/wp-json\/wp\/v2\/product_cat?post=253"},{"taxonomy":"product_tag","embeddable":true,"href":"https:\/\/fibtex.co\/pe\/wp-json\/wp\/v2\/product_tag?post=253"}],"curies":[{"name":"wp","href":"https:\/\/api.w.org\/{rel}","templated":true}]}}