{"id":248,"date":"2022-11-10T18:02:21","date_gmt":"2022-11-10T23:02:21","guid":{"rendered":"https:\/\/fibtex.co\/pe\/?post_type=product&#038;p=248"},"modified":"2022-11-23T12:52:30","modified_gmt":"2022-11-23T17:52:30","slug":"grainpro-collapsible-dryer-case-cdc-75","status":"publish","type":"product","link":"https:\/\/fibtex.co\/pe\/tienda\/grainpro-collapsible-dryer-case-cdc-75\/","title":{"rendered":"GrainPro\u00ae Collapsible Dryer Case\u2122 CDC"},"content":{"rendered":"<p><img fetchpriority=\"high\" decoding=\"async\" class=\"aligncenter wp-image-1569 \" src=\"https:\/\/fibtex.co\/pe\/wp-content\/uploads\/2022\/11\/grainpro-Collapsible-DryerCas-25-diagrama.png\" alt=\"\" width=\"654\" height=\"327\" srcset=\"https:\/\/fibtex.co\/pe\/wp-content\/uploads\/2022\/11\/grainpro-Collapsible-DryerCas-25-diagrama.png 800w, https:\/\/fibtex.co\/pe\/wp-content\/uploads\/2022\/11\/grainpro-Collapsible-DryerCas-25-diagrama-300x150.png 300w, https:\/\/fibtex.co\/pe\/wp-content\/uploads\/2022\/11\/grainpro-Collapsible-DryerCas-25-diagrama-768x384.png 768w\" sizes=\"(max-width: 654px) 100vw, 654px\" \/><\/p>\n<p>El Patio M\u00f3vil\u2122 GrainPro<span class=\"s1\">\u00ae <\/span>es una soluci\u00f3n f\u00e1cil de instalar fabricada en polietileno (PE) laminado, por lo cual resiste dos veces m\u00e1s que una lona normal y es m\u00e1s liviano que el PVC reforzado. Las paredes laterales de polietileno son inflables y crean una barrera que evita que los productos se rieguen fuera del Patio M\u00f3vil\u2122. Una caracter\u00edstica importante es su capacidad para evitar que los productos se humedezcan de nuevo, ya que este equipo de secado se puede plegar y cerrar por la noche o en caso de lluvias repentinas evitando la reabsorci\u00f3n de humedad.<\/p>\n<table style=\"font-size: 85%;\" border=\"1\" summary=\"Tabla de especificaciones t\u00e9cnicas\" width=\"100%\" cellspacing=\"0\" cellpadding=\"0\">\n<caption>GrainPro\u00ae Collapsible Dryer Case<\/caption>\n<tbody>\n<tr>\n<th style=\"color: #000000;\" scope=\"col\" bgcolor=\"#f5a800\">Par\u00e1metros<\/th>\n<th style=\"color: #000000;\" scope=\"col\" bgcolor=\"#f5a800\">Especificaci\u00f3n<\/th>\n<\/tr>\n<tr style=\"color: #221f1f;\">\n<td><strong>Material<\/strong><\/td>\n<td>Polietileno tejido y laminado (PE)<\/td>\n<\/tr>\n<tr style=\"color: #221f1f;\">\n<td><strong>Espesor<\/strong><\/td>\n<td>0,5mm (0,02 pulgadas)<\/td>\n<\/tr>\n<tr style=\"color: #221f1f;\">\n<td><strong>Color<\/strong><\/td>\n<td>Negro<\/td>\n<\/tr>\n<tr style=\"color: #221f1f;\">\n<td><strong>Peso del Material<\/strong><\/td>\n<td>\u00a0320 g\/m2<\/td>\n<\/tr>\n<\/tbody>\n<\/table>\n<p style=\"text-align: right;\">\n","protected":false},"excerpt":{"rendered":"<p class=\"p1\">El Patio M\u00f3vil\u2122 GrainPro<span class=\"s1\">\u00ae <\/span>es un secador solar port\u00e1til de bajo costo utilizado para secar de manera segura varios productos agr\u00edcolas.<\/p>\n<p class=\"p1\">Dise\u00f1ado para minimizar las p\u00e9rdidas posteriores a la cosecha, as\u00ed como los gastos operativos, este innovador secador solar es perfecto para secar una amplia variedad de productos agr\u00edcolas como el caf\u00e9, el cacao, el arroz y el ma\u00edz.<\/p>\n","protected":false},"featured_media":781,"comment_status":"open","ping_status":"closed","template":"","meta":[],"product_cat":[25,40],"product_tag":[],"yoast_head":"<!-- This site is optimized with the Yoast SEO plugin v22.6 - https:\/\/yoast.com\/wordpress\/plugins\/seo\/ -->\n<title>GrainPro\u00ae Collapsible Dryer Case\u2122 CDC - Fibtex Per&uacute;<\/title>\n<meta name=\"robots\" content=\"index, follow, max-snippet:-1, max-image-preview:large, max-video-preview:-1\" \/>\n<link rel=\"canonical\" href=\"https:\/\/fibtex.co\/pe\/tienda\/grainpro-collapsible-dryer-case-cdc-75\/\" \/>\n<meta property=\"og:locale\" content=\"es_ES\" \/>\n<meta property=\"og:type\" content=\"article\" \/>\n<meta property=\"og:title\" content=\"GrainPro\u00ae Collapsible Dryer Case\u2122 CDC - Fibtex Per&uacute;\" \/>\n<meta property=\"og:description\" content=\"El Patio M\u00f3vil\u2122 GrainPro\u00ae es un secador solar port\u00e1til de bajo costo utilizado para secar de manera segura varios productos agr\u00edcolas. Dise\u00f1ado para minimizar las p\u00e9rdidas posteriores a la cosecha, as\u00ed como los gastos operativos, este innovador secador solar es perfecto para secar una amplia variedad de productos agr\u00edcolas como el caf\u00e9, el cacao, el arroz y el ma\u00edz.\" \/>\n<meta property=\"og:url\" content=\"https:\/\/fibtex.co\/pe\/tienda\/grainpro-collapsible-dryer-case-cdc-75\/\" \/>\n<meta property=\"og:site_name\" content=\"Fibtex Per&uacute;\" \/>\n<meta property=\"article:publisher\" content=\"https:\/\/www.facebook.com\/fibtexempaques\" \/>\n<meta property=\"article:modified_time\" content=\"2022-11-23T17:52:30+00:00\" \/>\n<meta property=\"og:image\" content=\"https:\/\/fibtex.co\/pe\/wp-content\/uploads\/2022\/11\/GrainPro-Collapsible-Dryer-Case-75.png\" \/>\n\t<meta property=\"og:image:width\" content=\"1024\" \/>\n\t<meta property=\"og:image:height\" content=\"1024\" \/>\n\t<meta property=\"og:image:type\" content=\"image\/png\" \/>\n<meta name=\"twitter:card\" content=\"summary_large_image\" \/>\n<meta name=\"twitter:site\" content=\"@Fibtexempaques\" \/>\n<meta name=\"twitter:label1\" content=\"Est. reading time\" \/>\n\t<meta name=\"twitter:data1\" content=\"1 minuto\" \/>\n<script type=\"application\/ld+json\" class=\"yoast-schema-graph\">{\"@context\":\"https:\/\/schema.org\",\"@graph\":[{\"@type\":\"WebPage\",\"@id\":\"https:\/\/fibtex.co\/pe\/tienda\/grainpro-collapsible-dryer-case-cdc-75\/\",\"url\":\"https:\/\/fibtex.co\/pe\/tienda\/grainpro-collapsible-dryer-case-cdc-75\/\",\"name\":\"GrainPro\u00ae Collapsible Dryer Case\u2122 CDC - Fibtex Per&uacute;\",\"isPartOf\":{\"@id\":\"https:\/\/fibtex.co\/pe\/#website\"},\"primaryImageOfPage\":{\"@id\":\"https:\/\/fibtex.co\/pe\/tienda\/grainpro-collapsible-dryer-case-cdc-75\/#primaryimage\"},\"image\":{\"@id\":\"https:\/\/fibtex.co\/pe\/tienda\/grainpro-collapsible-dryer-case-cdc-75\/#primaryimage\"},\"thumbnailUrl\":\"https:\/\/fibtex.co\/pe\/wp-content\/uploads\/2022\/11\/GrainPro-Collapsible-Dryer-Case-75.png\",\"datePublished\":\"2022-11-10T23:02:21+00:00\",\"dateModified\":\"2022-11-23T17:52:30+00:00\",\"breadcrumb\":{\"@id\":\"https:\/\/fibtex.co\/pe\/tienda\/grainpro-collapsible-dryer-case-cdc-75\/#breadcrumb\"},\"inLanguage\":\"es\",\"potentialAction\":[{\"@type\":\"ReadAction\",\"target\":[\"https:\/\/fibtex.co\/pe\/tienda\/grainpro-collapsible-dryer-case-cdc-75\/\"]}]},{\"@type\":\"ImageObject\",\"inLanguage\":\"es\",\"@id\":\"https:\/\/fibtex.co\/pe\/tienda\/grainpro-collapsible-dryer-case-cdc-75\/#primaryimage\",\"url\":\"https:\/\/fibtex.co\/pe\/wp-content\/uploads\/2022\/11\/GrainPro-Collapsible-Dryer-Case-75.png\",\"contentUrl\":\"https:\/\/fibtex.co\/pe\/wp-content\/uploads\/2022\/11\/GrainPro-Collapsible-Dryer-Case-75.png\",\"width\":1024,\"height\":1024},{\"@type\":\"BreadcrumbList\",\"@id\":\"https:\/\/fibtex.co\/pe\/tienda\/grainpro-collapsible-dryer-case-cdc-75\/#breadcrumb\",\"itemListElement\":[{\"@type\":\"ListItem\",\"position\":1,\"name\":\"Inicio\",\"item\":\"https:\/\/fibtex.co\/pe\/\"},{\"@type\":\"ListItem\",\"position\":2,\"name\":\"Tienda\",\"item\":\"https:\/\/fibtex.co\/pe\/tienda\/\"},{\"@type\":\"ListItem\",\"position\":3,\"name\":\"GrainPro\u00ae Collapsible Dryer Case\u2122 CDC\"}]},{\"@type\":\"WebSite\",\"@id\":\"https:\/\/fibtex.co\/pe\/#website\",\"url\":\"https:\/\/fibtex.co\/pe\/\",\"name\":\"Fibtex Per\u00fa\",\"description\":\"Distribuidores Oficiales de GrainPro en Per&uacute;\",\"publisher\":{\"@id\":\"https:\/\/fibtex.co\/pe\/#organization\"},\"alternateName\":\"Fibtex\",\"potentialAction\":[{\"@type\":\"SearchAction\",\"target\":{\"@type\":\"EntryPoint\",\"urlTemplate\":\"https:\/\/fibtex.co\/pe\/?s={search_term_string}\"},\"query-input\":\"required name=search_term_string\"}],\"inLanguage\":\"es\"},{\"@type\":\"Organization\",\"@id\":\"https:\/\/fibtex.co\/pe\/#organization\",\"name\":\"Fibtex Per\u00fa\",\"alternateName\":\"Fibtex\",\"url\":\"https:\/\/fibtex.co\/pe\/\",\"logo\":{\"@type\":\"ImageObject\",\"inLanguage\":\"es\",\"@id\":\"https:\/\/fibtex.co\/pe\/#\/schema\/logo\/image\/\",\"url\":\"https:\/\/fibtex.co\/pe\/wp-content\/uploads\/2022\/11\/logos-04.png\",\"contentUrl\":\"https:\/\/fibtex.co\/pe\/wp-content\/uploads\/2022\/11\/logos-04.png\",\"width\":1459,\"height\":417,\"caption\":\"Fibtex Per\u00fa\"},\"image\":{\"@id\":\"https:\/\/fibtex.co\/pe\/#\/schema\/logo\/image\/\"},\"sameAs\":[\"https:\/\/www.facebook.com\/fibtexempaques\",\"https:\/\/x.com\/Fibtexempaques\",\"https:\/\/www.instagram.com\/fibtexempaques\/\",\"https:\/\/www.youtube.com\/c\/Fibtexempaques\",\"https:\/\/www.linkedin.com\/company\/fibtex\/\",\"https:\/\/www.tiktok.com\/@fibtexoficial?lang=es\"]}]}<\/script>\n<!-- \/ Yoast SEO plugin. -->","yoast_head_json":{"title":"GrainPro\u00ae Collapsible Dryer Case\u2122 CDC - Fibtex Per&uacute;","robots":{"index":"index","follow":"follow","max-snippet":"max-snippet:-1","max-image-preview":"max-image-preview:large","max-video-preview":"max-video-preview:-1"},"canonical":"https:\/\/fibtex.co\/pe\/tienda\/grainpro-collapsible-dryer-case-cdc-75\/","og_locale":"es_ES","og_type":"article","og_title":"GrainPro\u00ae Collapsible Dryer Case\u2122 CDC - Fibtex Per&uacute;","og_description":"El Patio M\u00f3vil\u2122 GrainPro\u00ae es un secador solar port\u00e1til de bajo costo utilizado para secar de manera segura varios productos agr\u00edcolas. Dise\u00f1ado para minimizar las p\u00e9rdidas posteriores a la cosecha, as\u00ed como los gastos operativos, este innovador secador solar es perfecto para secar una amplia variedad de productos agr\u00edcolas como el caf\u00e9, el cacao, el arroz y el ma\u00edz.","og_url":"https:\/\/fibtex.co\/pe\/tienda\/grainpro-collapsible-dryer-case-cdc-75\/","og_site_name":"Fibtex Per&uacute;","article_publisher":"https:\/\/www.facebook.com\/fibtexempaques","article_modified_time":"2022-11-23T17:52:30+00:00","og_image":[{"width":1024,"height":1024,"url":"https:\/\/fibtex.co\/pe\/wp-content\/uploads\/2022\/11\/GrainPro-Collapsible-Dryer-Case-75.png","type":"image\/png"}],"twitter_card":"summary_large_image","twitter_site":"@Fibtexempaques","twitter_misc":{"Est. reading time":"1 minuto"},"schema":{"@context":"https:\/\/schema.org","@graph":[{"@type":"WebPage","@id":"https:\/\/fibtex.co\/pe\/tienda\/grainpro-collapsible-dryer-case-cdc-75\/","url":"https:\/\/fibtex.co\/pe\/tienda\/grainpro-collapsible-dryer-case-cdc-75\/","name":"GrainPro\u00ae Collapsible Dryer Case\u2122 CDC - Fibtex Per&uacute;","isPartOf":{"@id":"https:\/\/fibtex.co\/pe\/#website"},"primaryImageOfPage":{"@id":"https:\/\/fibtex.co\/pe\/tienda\/grainpro-collapsible-dryer-case-cdc-75\/#primaryimage"},"image":{"@id":"https:\/\/fibtex.co\/pe\/tienda\/grainpro-collapsible-dryer-case-cdc-75\/#primaryimage"},"thumbnailUrl":"https:\/\/fibtex.co\/pe\/wp-content\/uploads\/2022\/11\/GrainPro-Collapsible-Dryer-Case-75.png","datePublished":"2022-11-10T23:02:21+00:00","dateModified":"2022-11-23T17:52:30+00:00","breadcrumb":{"@id":"https:\/\/fibtex.co\/pe\/tienda\/grainpro-collapsible-dryer-case-cdc-75\/#breadcrumb"},"inLanguage":"es","potentialAction":[{"@type":"ReadAction","target":["https:\/\/fibtex.co\/pe\/tienda\/grainpro-collapsible-dryer-case-cdc-75\/"]}]},{"@type":"ImageObject","inLanguage":"es","@id":"https:\/\/fibtex.co\/pe\/tienda\/grainpro-collapsible-dryer-case-cdc-75\/#primaryimage","url":"https:\/\/fibtex.co\/pe\/wp-content\/uploads\/2022\/11\/GrainPro-Collapsible-Dryer-Case-75.png","contentUrl":"https:\/\/fibtex.co\/pe\/wp-content\/uploads\/2022\/11\/GrainPro-Collapsible-Dryer-Case-75.png","width":1024,"height":1024},{"@type":"BreadcrumbList","@id":"https:\/\/fibtex.co\/pe\/tienda\/grainpro-collapsible-dryer-case-cdc-75\/#breadcrumb","itemListElement":[{"@type":"ListItem","position":1,"name":"Inicio","item":"https:\/\/fibtex.co\/pe\/"},{"@type":"ListItem","position":2,"name":"Tienda","item":"https:\/\/fibtex.co\/pe\/tienda\/"},{"@type":"ListItem","position":3,"name":"GrainPro\u00ae Collapsible Dryer Case\u2122 CDC"}]},{"@type":"WebSite","@id":"https:\/\/fibtex.co\/pe\/#website","url":"https:\/\/fibtex.co\/pe\/","name":"Fibtex Per\u00fa","description":"Distribuidores Oficiales de GrainPro en Per&uacute;","publisher":{"@id":"https:\/\/fibtex.co\/pe\/#organization"},"alternateName":"Fibtex","potentialAction":[{"@type":"SearchAction","target":{"@type":"EntryPoint","urlTemplate":"https:\/\/fibtex.co\/pe\/?s={search_term_string}"},"query-input":"required name=search_term_string"}],"inLanguage":"es"},{"@type":"Organization","@id":"https:\/\/fibtex.co\/pe\/#organization","name":"Fibtex Per\u00fa","alternateName":"Fibtex","url":"https:\/\/fibtex.co\/pe\/","logo":{"@type":"ImageObject","inLanguage":"es","@id":"https:\/\/fibtex.co\/pe\/#\/schema\/logo\/image\/","url":"https:\/\/fibtex.co\/pe\/wp-content\/uploads\/2022\/11\/logos-04.png","contentUrl":"https:\/\/fibtex.co\/pe\/wp-content\/uploads\/2022\/11\/logos-04.png","width":1459,"height":417,"caption":"Fibtex Per\u00fa"},"image":{"@id":"https:\/\/fibtex.co\/pe\/#\/schema\/logo\/image\/"},"sameAs":["https:\/\/www.facebook.com\/fibtexempaques","https:\/\/x.com\/Fibtexempaques","https:\/\/www.instagram.com\/fibtexempaques\/","https:\/\/www.youtube.com\/c\/Fibtexempaques","https:\/\/www.linkedin.com\/company\/fibtex\/","https:\/\/www.tiktok.com\/@fibtexoficial?lang=es"]}]}},"_links":{"self":[{"href":"https:\/\/fibtex.co\/pe\/wp-json\/wp\/v2\/product\/248"}],"collection":[{"href":"https:\/\/fibtex.co\/pe\/wp-json\/wp\/v2\/product"}],"about":[{"href":"https:\/\/fibtex.co\/pe\/wp-json\/wp\/v2\/types\/product"}],"replies":[{"embeddable":true,"href":"https:\/\/fibtex.co\/pe\/wp-json\/wp\/v2\/comments?post=248"}],"wp:featuredmedia":[{"embeddable":true,"href":"https:\/\/fibtex.co\/pe\/wp-json\/wp\/v2\/media\/781"}],"wp:attachment":[{"href":"https:\/\/fibtex.co\/pe\/wp-json\/wp\/v2\/media?parent=248"}],"wp:term":[{"taxonomy":"product_cat","embeddable":true,"href":"https:\/\/fibtex.co\/pe\/wp-json\/wp\/v2\/product_cat?post=248"},{"taxonomy":"product_tag","embeddable":true,"href":"https:\/\/fibtex.co\/pe\/wp-json\/wp\/v2\/product_tag?post=248"}],"curies":[{"name":"wp","href":"https:\/\/api.w.org\/{rel}","templated":true}]}}