{"id":2962,"date":"2022-12-08T16:14:08","date_gmt":"2022-12-08T21:14:08","guid":{"rendered":"https:\/\/fibtex.co\/pe\/?page_id=2962"},"modified":"2022-12-08T16:15:30","modified_gmt":"2022-12-08T21:15:30","slug":"politica-de-cookies","status":"publish","type":"page","link":"https:\/\/fibtex.co\/pe\/politica-de-cookies\/","title":{"rendered":"Pol\u00edtica de Cookies"},"content":{"rendered":"\t\t<div data-elementor-type=\"wp-page\" data-elementor-id=\"2962\" class=\"elementor elementor-2962\" data-elementor-post-type=\"page\">\n\t\t\t\t\t\t<section class=\"elementor-section elementor-top-section elementor-element elementor-element-65e7a64 elementor-section-boxed elementor-section-height-default elementor-section-height-default\" data-id=\"65e7a64\" data-element_type=\"section\">\n\t\t\t\t\t\t<div class=\"elementor-container elementor-column-gap-default\">\n\t\t\t\t\t<div class=\"elementor-column elementor-col-100 elementor-top-column elementor-element elementor-element-ce9e5f4\" data-id=\"ce9e5f4\" data-element_type=\"column\">\n\t\t\t<div class=\"elementor-widget-wrap elementor-element-populated\">\n\t\t\t\t\t\t<div class=\"elementor-element elementor-element-90db347 elementor-widget elementor-widget-heading\" data-id=\"90db347\" data-element_type=\"widget\" data-widget_type=\"heading.default\">\n\t\t\t\t<div class=\"elementor-widget-container\">\n\t\t\t<style>\/*! elementor - v3.21.0 - 08-05-2024 *\/\n.elementor-heading-title{padding:0;margin:0;line-height:1}.elementor-widget-heading .elementor-heading-title[class*=elementor-size-]>a{color:inherit;font-size:inherit;line-height:inherit}.elementor-widget-heading .elementor-heading-title.elementor-size-small{font-size:15px}.elementor-widget-heading .elementor-heading-title.elementor-size-medium{font-size:19px}.elementor-widget-heading .elementor-heading-title.elementor-size-large{font-size:29px}.elementor-widget-heading .elementor-heading-title.elementor-size-xl{font-size:39px}.elementor-widget-heading .elementor-heading-title.elementor-size-xxl{font-size:59px}<\/style><h2 class=\"elementor-heading-title elementor-size-default\">Pol\u00edtica de Cookies<\/h2>\t\t<\/div>\n\t\t\t\t<\/div>\n\t\t\t\t<div class=\"elementor-element elementor-element-6b4ed06 elementor-widget elementor-widget-text-editor\" data-id=\"6b4ed06\" data-element_type=\"widget\" data-widget_type=\"text-editor.default\">\n\t\t\t\t<div class=\"elementor-widget-container\">\n\t\t\t<style>\/*! elementor - v3.21.0 - 08-05-2024 *\/\n.elementor-widget-text-editor.elementor-drop-cap-view-stacked .elementor-drop-cap{background-color:#69727d;color:#fff}.elementor-widget-text-editor.elementor-drop-cap-view-framed .elementor-drop-cap{color:#69727d;border:3px solid;background-color:transparent}.elementor-widget-text-editor:not(.elementor-drop-cap-view-default) .elementor-drop-cap{margin-top:8px}.elementor-widget-text-editor:not(.elementor-drop-cap-view-default) .elementor-drop-cap-letter{width:1em;height:1em}.elementor-widget-text-editor .elementor-drop-cap{float:left;text-align:center;line-height:1;font-size:50px}.elementor-widget-text-editor .elementor-drop-cap-letter{display:inline-block}<\/style>\t\t\t\t<p><strong>Introducci\u00f3n<\/strong><\/p><p>El sitio web www.fibtex.co (el \u201cSitio web\u201d) est\u00e1 gestionado por Fibtex SAS (\u201cnosotros\u201d, \u201cnuestro\/a\u201d o \u201cnos\u201d).\u00a0 Tenemos el compromiso de proteger y respetar su derecho a la privacidad. Esta Pol\u00edtica de cookies (junto con nuestra Pol\u00edtica de privacidad y cualquier otro documento al que se le remita), establece la base sobre la cual utilizamos cookies en el Sitio web.\u00a0 Le rogamos que lea detenidamente este documento y que, si tiene alguna pregunta sobre esta pol\u00edtica o no est\u00e1 de acuerdo con ella, se ponga en contacto con nosotros a trav\u00e9s de<a href=\"mailto:administrador@fibtexcolombia.com\">\u00a0<\/a><a href=\"mailto:administrador@fibtexperu.com\">administrador@fibtexcolombia.com<\/a>\u00a0antes de utilizar nuestro Sitio web.<\/p><p>Podemos modificar esta pol\u00edtica de vez en cuando mediante la actualizaci\u00f3n de esta p\u00e1gina.\u00a0 Usted deber\u00eda\u00a0 consultar esta p\u00e1gina peri\u00f3dicamente para asegurarse de que est\u00e1 conforme con cualquier cambio realizado.\u00a0 Esta pol\u00edtica entra en vigor el 1 de\u00a0septiembre de 2018.<\/p><p><strong>\u00bfQu\u00e9 son las cookies?<\/strong><\/p><p>Las cookies son peque\u00f1os archivos que guardan informaci\u00f3n en el navegador o en el disco duro de su computador, lo cual significa que nuestro Sitio web puede reconocer que usted ya nos ha visitado antes. Hacen que sea m\u00e1s f\u00e1cil para usted mantener sus preferencias sobre el Sitio web y, al ver de qu\u00e9 forma lo utiliza, podemos adaptar el Sitio web en funci\u00f3n de sus preferencias y medir el nivel de utilidad del Sitio web.<\/p><p><strong>Para qu\u00e9 utilizamos las cookies<\/strong><\/p><p>Podemos recopilar informaci\u00f3n sobre su computador, incluyendo, siempre que est\u00e9n disponibles, su direcci\u00f3n IP, sistema operativo y tipo de navegador para la administraci\u00f3n del sistema, para registrar informaci\u00f3n sobre la sesi\u00f3n y\/o para ayudarle a responder preguntas relacionadas con nuestro servicio. En algunos casos, puede tratarse tan s\u00f3lo de datos estad\u00edsticos sobre c\u00f3mo navega por nuestro Sitio web.<\/p><p>Por esas mismas razones, podemos obtener informaci\u00f3n sobre el uso que usted hace del Sitio web utilizando un archivo cookie que se guarda en el disco duro de su computador. Las cookies contienen informaci\u00f3n que se transmite al disco duro de su computador. Las cookies nos ayudan a mejorar nuestro Sitio web y a proporcionar un servicio mejor y m\u00e1s personalizado. Nos permiten:<\/p><ul><li>calcular n\u00fameros y patrones de uso;<\/li><li>guardar informaci\u00f3n sobre sus preferencias y, de este modo, nos permiten adaptar nuestro Sitio web en funci\u00f3n de sus intereses personales; y<\/li><li>reconocerle cuando vuelve a visitar el Sitio web.<\/li><\/ul><p><strong>Qu\u00e9 cookies utilizamos<\/strong><\/p><p>Las cookies que utilizamos en nuestro Sitio web son las siguientes:<\/p><p>Nombre de la cookie:\u00a0__utma\u00a0<\/p><ul><li><strong>Tipo de cookie<\/strong>:\u00a0Google Analytics\u00a0<\/li><li><strong>Raz\u00f3n por la que se utiliza<\/strong>:\u00a0Esta cookie la utiliza Google Analytics para realizar un seguimiento del n\u00famero de veces que un visitante ha accedido al sitio al cual pertenece la cookie, de cu\u00e1ndo se realiz\u00f3 la primera visita y de cu\u00e1ndo se produjo la \u00faltima visita. Google Analytics utiliza la informaci\u00f3n de esta cookie para calcular par\u00e1metros como nuevas sesiones\/visitas<\/li><\/ul><p>Nombre de la cookie:\u00a0__utmb and __utmc<\/p><ul><li><strong>Tipo de cookie<\/strong>:\u00a0Google Analytics\u00a0<\/li><li><strong>Raz\u00f3n por la que se utiliza<\/strong>:\u00a0Estas cookies trabajan juntas para calcular la duraci\u00f3n de una visita. La __utmb toma un registro temporal de la hora exacta en la que un visitante accede al sitio, mientras que la __utmc toma un registro temporal de la hora exacta en la que el visitante abandona el sitio. La __utmb caduca al final de la sesi\u00f3n. La __utmc espera 30 minutos y luego caduca. La __utmc no tiene manera de saber cu\u00e1ndo un visitante cierra su navegador o abandona el Sitio web, as\u00ed que espera 30 minutos hasta que se produzca la visualizaci\u00f3n de otra p\u00e1gina y, si esta no se produce, caduca.<\/li><\/ul><p>Nombre de la cookie:\u00a0__utmz\u00a0<\/p><ul><li><strong>Tipo de cookie:\u00a0<\/strong>Google Analytics\u00a0<\/li><li><strong>Raz\u00f3n por la que se utiliza:\u00a0<\/strong>Esta cookie guarda un registro del lugar del que vino el visitante, el motor de b\u00fasqueda que ha utilizado, en qu\u00e9 enlace se ha hecho clic, qu\u00e9 palabra clave utiliz\u00f3 y el lugar del mundo en el que se encontraba cuando accedi\u00f3 al Sitio web. Caduca tras 15.768.000 segundos, o en 6 meses. De este modo es c\u00f3mo Google Analytics sabe a qui\u00e9n y a qu\u00e9 fuente \/ medio \/ palabra clave asignar el m\u00e9rito de la consecuci\u00f3n de una meta o de una transacci\u00f3n de comercio electr\u00f3nico.<\/li><\/ul><p><strong>Gesti\u00f3n de la utilizaci\u00f3n de cookies<\/strong><\/p><p>Usted puede denegar el acceso de cookies o puede desactivar la utilizaci\u00f3n de cookies activando la configuraci\u00f3n de su navegador que le permite rechazar la configuraci\u00f3n de cookies. Sin embargo, si selecciona este tipo de configuraci\u00f3n es posible que no pueda acceder a ciertas partes del Sitio web o que no pueda aprovechar nuestros servicios. A menos que usted haya configurado su navegador para que rechace cookies, nuestro sistema emitir\u00e1 cookies cuando usted inicie sesi\u00f3n en nuestro Sitio web.<\/p><p>Puede\u00a0encontrar c\u00f3mo hacerlo en su navegador haciendo clic en la opci\u00f3n \u201cAyuda\u201d del men\u00fa de su navegador o visitando el sitio web www.allaboutcookies.org.<\/p><p>Este Sitio web utiliza Google Analytics para recoger informaci\u00f3n sobre el uso que los visitantes hacen del Sitio web. Las cookies que utiliza este producto recogen informaci\u00f3n de forma an\u00f3nima y muchos sitios web las utilizan.\u00a0 Si desea optar por la exclusi\u00f3n voluntaria para que Google Analytics no realice ning\u00fan seguimiento de todas las p\u00e1ginas web que visite, acceda a\u00a0<a href=\"http:\/\/tools.google.com\/dlpage\/gaoptout\">http:\/\/tools.google.com\/dlpage\/gaoptout<\/a>.<\/p><p>Si tiene alguna pregunta sobre su privacidad o sobre nuestra utilizaci\u00f3n de cookies en este Sitio web, p\u00f3ngase en contacto con nosotros a trav\u00e9s de<a href=\"mailto:administrador@fibtexperu.com\">\u00a0<\/a><a href=\"mailto:administrador@fibtexcolombia.com\">administrador@fibtexcolombia.com<\/a><\/p>\t\t\t\t\t\t<\/div>\n\t\t\t\t<\/div>\n\t\t\t\t\t<\/div>\n\t\t<\/div>\n\t\t\t\t\t<\/div>\n\t\t<\/section>\n\t\t\t\t<\/div>\n\t\t","protected":false},"excerpt":{"rendered":"<p>Pol\u00edtica de Cookies Introducci\u00f3n El sitio web www.fibtex.co (el \u201cSitio web\u201d) est\u00e1 gestionado por Fibtex SAS (\u201cnosotros\u201d, \u201cnuestro\/a\u201d o \u201cnos\u201d).\u00a0 Tenemos el compromiso de proteger y respetar su derecho a la privacidad. Esta Pol\u00edtica de cookies (junto con nuestra Pol\u00edtica de privacidad y cualquier otro documento al que se le remita), establece la base sobre [&hellip;]<\/p>\n","protected":false},"author":1,"featured_media":0,"parent":0,"menu_order":0,"comment_status":"closed","ping_status":"closed","template":"elementor_header_footer","meta":{"footnotes":""},"yoast_head":"<!-- This site is optimized with the Yoast SEO plugin v22.6 - https:\/\/yoast.com\/wordpress\/plugins\/seo\/ -->\n<title>Pol\u00edtica de Cookies - Fibtex Per&uacute;<\/title>\n<meta name=\"robots\" content=\"index, follow, max-snippet:-1, max-image-preview:large, max-video-preview:-1\" \/>\n<link rel=\"canonical\" href=\"https:\/\/fibtex.co\/pe\/politica-de-cookies\/\" \/>\n<meta property=\"og:locale\" content=\"es_ES\" \/>\n<meta property=\"og:type\" content=\"article\" \/>\n<meta property=\"og:title\" content=\"Pol\u00edtica de Cookies - Fibtex Per&uacute;\" \/>\n<meta property=\"og:description\" content=\"Pol\u00edtica de Cookies Introducci\u00f3n El sitio web www.fibtex.co (el \u201cSitio web\u201d) est\u00e1 gestionado por Fibtex SAS (\u201cnosotros\u201d, \u201cnuestro\/a\u201d o \u201cnos\u201d).\u00a0 Tenemos el compromiso de proteger y respetar su derecho a la privacidad. Esta Pol\u00edtica de cookies (junto con nuestra Pol\u00edtica de privacidad y cualquier otro documento al que se le remita), establece la base sobre [&hellip;]\" \/>\n<meta property=\"og:url\" content=\"https:\/\/fibtex.co\/pe\/politica-de-cookies\/\" \/>\n<meta property=\"og:site_name\" content=\"Fibtex Per&uacute;\" \/>\n<meta property=\"article:publisher\" content=\"https:\/\/www.facebook.com\/fibtexempaques\" \/>\n<meta property=\"article:modified_time\" content=\"2022-12-08T21:15:30+00:00\" \/>\n<meta property=\"og:image\" content=\"https:\/\/fibtex.co\/pe\/wp-content\/uploads\/2022\/11\/cropped-Favicon-FIBTEX-1.png\" \/>\n\t<meta property=\"og:image:width\" content=\"512\" \/>\n\t<meta property=\"og:image:height\" content=\"512\" \/>\n\t<meta property=\"og:image:type\" content=\"image\/png\" \/>\n<meta name=\"twitter:card\" content=\"summary_large_image\" \/>\n<meta name=\"twitter:site\" content=\"@Fibtexempaques\" \/>\n<meta name=\"twitter:label1\" content=\"Est. reading time\" \/>\n\t<meta name=\"twitter:data1\" content=\"5 minutos\" \/>\n<script type=\"application\/ld+json\" class=\"yoast-schema-graph\">{\"@context\":\"https:\/\/schema.org\",\"@graph\":[{\"@type\":\"WebPage\",\"@id\":\"https:\/\/fibtex.co\/pe\/politica-de-cookies\/\",\"url\":\"https:\/\/fibtex.co\/pe\/politica-de-cookies\/\",\"name\":\"Pol\u00edtica de Cookies - Fibtex Per&uacute;\",\"isPartOf\":{\"@id\":\"https:\/\/fibtex.co\/pe\/#website\"},\"datePublished\":\"2022-12-08T21:14:08+00:00\",\"dateModified\":\"2022-12-08T21:15:30+00:00\",\"breadcrumb\":{\"@id\":\"https:\/\/fibtex.co\/pe\/politica-de-cookies\/#breadcrumb\"},\"inLanguage\":\"es\",\"potentialAction\":[{\"@type\":\"ReadAction\",\"target\":[\"https:\/\/fibtex.co\/pe\/politica-de-cookies\/\"]}]},{\"@type\":\"BreadcrumbList\",\"@id\":\"https:\/\/fibtex.co\/pe\/politica-de-cookies\/#breadcrumb\",\"itemListElement\":[{\"@type\":\"ListItem\",\"position\":1,\"name\":\"Inicio\",\"item\":\"https:\/\/fibtex.co\/pe\/\"},{\"@type\":\"ListItem\",\"position\":2,\"name\":\"Pol\u00edtica de Cookies\"}]},{\"@type\":\"WebSite\",\"@id\":\"https:\/\/fibtex.co\/pe\/#website\",\"url\":\"https:\/\/fibtex.co\/pe\/\",\"name\":\"Fibtex Per\u00fa\",\"description\":\"Distribuidores Oficiales de GrainPro en Per&uacute;\",\"publisher\":{\"@id\":\"https:\/\/fibtex.co\/pe\/#organization\"},\"alternateName\":\"Fibtex\",\"potentialAction\":[{\"@type\":\"SearchAction\",\"target\":{\"@type\":\"EntryPoint\",\"urlTemplate\":\"https:\/\/fibtex.co\/pe\/?s={search_term_string}\"},\"query-input\":\"required name=search_term_string\"}],\"inLanguage\":\"es\"},{\"@type\":\"Organization\",\"@id\":\"https:\/\/fibtex.co\/pe\/#organization\",\"name\":\"Fibtex Per\u00fa\",\"alternateName\":\"Fibtex\",\"url\":\"https:\/\/fibtex.co\/pe\/\",\"logo\":{\"@type\":\"ImageObject\",\"inLanguage\":\"es\",\"@id\":\"https:\/\/fibtex.co\/pe\/#\/schema\/logo\/image\/\",\"url\":\"https:\/\/fibtex.co\/pe\/wp-content\/uploads\/2022\/11\/logos-04.png\",\"contentUrl\":\"https:\/\/fibtex.co\/pe\/wp-content\/uploads\/2022\/11\/logos-04.png\",\"width\":1459,\"height\":417,\"caption\":\"Fibtex Per\u00fa\"},\"image\":{\"@id\":\"https:\/\/fibtex.co\/pe\/#\/schema\/logo\/image\/\"},\"sameAs\":[\"https:\/\/www.facebook.com\/fibtexempaques\",\"https:\/\/x.com\/Fibtexempaques\",\"https:\/\/www.instagram.com\/fibtexempaques\/\",\"https:\/\/www.youtube.com\/c\/Fibtexempaques\",\"https:\/\/www.linkedin.com\/company\/fibtex\/\",\"https:\/\/www.tiktok.com\/@fibtexoficial?lang=es\"]}]}<\/script>\n<!-- \/ Yoast SEO plugin. -->","yoast_head_json":{"title":"Pol\u00edtica de Cookies - Fibtex Per&uacute;","robots":{"index":"index","follow":"follow","max-snippet":"max-snippet:-1","max-image-preview":"max-image-preview:large","max-video-preview":"max-video-preview:-1"},"canonical":"https:\/\/fibtex.co\/pe\/politica-de-cookies\/","og_locale":"es_ES","og_type":"article","og_title":"Pol\u00edtica de Cookies - Fibtex Per&uacute;","og_description":"Pol\u00edtica de Cookies Introducci\u00f3n El sitio web www.fibtex.co (el \u201cSitio web\u201d) est\u00e1 gestionado por Fibtex SAS (\u201cnosotros\u201d, \u201cnuestro\/a\u201d o \u201cnos\u201d).\u00a0 Tenemos el compromiso de proteger y respetar su derecho a la privacidad. Esta Pol\u00edtica de cookies (junto con nuestra Pol\u00edtica de privacidad y cualquier otro documento al que se le remita), establece la base sobre [&hellip;]","og_url":"https:\/\/fibtex.co\/pe\/politica-de-cookies\/","og_site_name":"Fibtex Per&uacute;","article_publisher":"https:\/\/www.facebook.com\/fibtexempaques","article_modified_time":"2022-12-08T21:15:30+00:00","og_image":[{"width":512,"height":512,"url":"https:\/\/fibtex.co\/pe\/wp-content\/uploads\/2022\/11\/cropped-Favicon-FIBTEX-1.png","type":"image\/png"}],"twitter_card":"summary_large_image","twitter_site":"@Fibtexempaques","twitter_misc":{"Est. reading time":"5 minutos"},"schema":{"@context":"https:\/\/schema.org","@graph":[{"@type":"WebPage","@id":"https:\/\/fibtex.co\/pe\/politica-de-cookies\/","url":"https:\/\/fibtex.co\/pe\/politica-de-cookies\/","name":"Pol\u00edtica de Cookies - Fibtex Per&uacute;","isPartOf":{"@id":"https:\/\/fibtex.co\/pe\/#website"},"datePublished":"2022-12-08T21:14:08+00:00","dateModified":"2022-12-08T21:15:30+00:00","breadcrumb":{"@id":"https:\/\/fibtex.co\/pe\/politica-de-cookies\/#breadcrumb"},"inLanguage":"es","potentialAction":[{"@type":"ReadAction","target":["https:\/\/fibtex.co\/pe\/politica-de-cookies\/"]}]},{"@type":"BreadcrumbList","@id":"https:\/\/fibtex.co\/pe\/politica-de-cookies\/#breadcrumb","itemListElement":[{"@type":"ListItem","position":1,"name":"Inicio","item":"https:\/\/fibtex.co\/pe\/"},{"@type":"ListItem","position":2,"name":"Pol\u00edtica de Cookies"}]},{"@type":"WebSite","@id":"https:\/\/fibtex.co\/pe\/#website","url":"https:\/\/fibtex.co\/pe\/","name":"Fibtex Per\u00fa","description":"Distribuidores Oficiales de GrainPro en Per&uacute;","publisher":{"@id":"https:\/\/fibtex.co\/pe\/#organization"},"alternateName":"Fibtex","potentialAction":[{"@type":"SearchAction","target":{"@type":"EntryPoint","urlTemplate":"https:\/\/fibtex.co\/pe\/?s={search_term_string}"},"query-input":"required name=search_term_string"}],"inLanguage":"es"},{"@type":"Organization","@id":"https:\/\/fibtex.co\/pe\/#organization","name":"Fibtex Per\u00fa","alternateName":"Fibtex","url":"https:\/\/fibtex.co\/pe\/","logo":{"@type":"ImageObject","inLanguage":"es","@id":"https:\/\/fibtex.co\/pe\/#\/schema\/logo\/image\/","url":"https:\/\/fibtex.co\/pe\/wp-content\/uploads\/2022\/11\/logos-04.png","contentUrl":"https:\/\/fibtex.co\/pe\/wp-content\/uploads\/2022\/11\/logos-04.png","width":1459,"height":417,"caption":"Fibtex Per\u00fa"},"image":{"@id":"https:\/\/fibtex.co\/pe\/#\/schema\/logo\/image\/"},"sameAs":["https:\/\/www.facebook.com\/fibtexempaques","https:\/\/x.com\/Fibtexempaques","https:\/\/www.instagram.com\/fibtexempaques\/","https:\/\/www.youtube.com\/c\/Fibtexempaques","https:\/\/www.linkedin.com\/company\/fibtex\/","https:\/\/www.tiktok.com\/@fibtexoficial?lang=es"]}]}},"_links":{"self":[{"href":"https:\/\/fibtex.co\/pe\/wp-json\/wp\/v2\/pages\/2962"}],"collection":[{"href":"https:\/\/fibtex.co\/pe\/wp-json\/wp\/v2\/pages"}],"about":[{"href":"https:\/\/fibtex.co\/pe\/wp-json\/wp\/v2\/types\/page"}],"author":[{"embeddable":true,"href":"https:\/\/fibtex.co\/pe\/wp-json\/wp\/v2\/users\/1"}],"replies":[{"embeddable":true,"href":"https:\/\/fibtex.co\/pe\/wp-json\/wp\/v2\/comments?post=2962"}],"version-history":[{"count":0,"href":"https:\/\/fibtex.co\/pe\/wp-json\/wp\/v2\/pages\/2962\/revisions"}],"wp:attachment":[{"href":"https:\/\/fibtex.co\/pe\/wp-json\/wp\/v2\/media?parent=2962"}],"curies":[{"name":"wp","href":"https:\/\/api.w.org\/{rel}","templated":true}]}}